{"id":108,"date":"2025-01-02T20:26:14","date_gmt":"2025-01-02T20:26:14","guid":{"rendered":"https:\/\/energije-morja.si\/hr\/?page_id=108"},"modified":"2025-03-25T21:02:18","modified_gmt":"2025-03-25T21:02:18","slug":"kineska-masaza","status":"publish","type":"page","link":"https:\/\/energije-morja.si\/hr\/kineska-masaza\/","title":{"rendered":"Kineska masa\u017ea"},"content":{"rendered":"<p>[et_pb_section fb_built=&#8221;1&#8243; admin_label=&#8221;Header&#8221; _builder_version=&#8221;4.16&#8243; background_image=&#8221;https:\/\/energije-morja.si\/hr\/wp-content\/uploads\/2025\/01\/massage-20.jpg&#8221; background_size=&#8221;contain&#8221; custom_padding=&#8221;||0px|||&#8221; locked=&#8221;off&#8221; global_colors_info=&#8221;{}&#8221;][et_pb_row column_structure=&#8221;1_2,1_2&#8243; _builder_version=&#8221;4.27.4&#8243; custom_padding=&#8221;||0px||false|false&#8221; global_colors_info=&#8221;{}&#8221;][et_pb_column type=&#8221;1_2&#8243; _builder_version=&#8221;4.16&#8243; custom_padding=&#8221;||30px||false|false&#8221; global_colors_info=&#8221;{}&#8221;][et_pb_text _builder_version=&#8221;4.27.4&#8243; header_font=&#8221;|||on|||||&#8221; header_text_color=&#8221;#8F5F25&#8243; header_font_size=&#8221;70px&#8221; header_line_height=&#8221;1.1em&#8221; custom_margin=&#8221;38px|||||&#8221; header_font_tablet=&#8221;Muli|600|||||||&#8221; header_font_phone=&#8221;&#8221; header_font_last_edited=&#8221;on|desktop&#8221; header_font_size_tablet=&#8221;44px&#8221; header_font_size_phone=&#8221;34px&#8221; header_font_size_last_edited=&#8221;on|phone&#8221; header_letter_spacing_tablet=&#8221;2px&#8221; header_letter_spacing_phone=&#8221;0px&#8221; header_letter_spacing_last_edited=&#8221;on|desktop&#8221; header_text_shadow_style=&#8221;preset3&#8243; header_text_shadow_color=&#8221;#ffffff&#8221; locked=&#8221;off&#8221; global_colors_info=&#8221;{}&#8221;]<\/p>\n<h1>Kineska masa\u017ea<\/h1>\n<p>[\/et_pb_text][et_pb_button button_url=&#8221;https:\/\/energije-morja.si\/hr\/kontakt\/&#8221; button_text=&#8221;Stupimo u kontakt&#8221; _builder_version=&#8221;4.27.4&#8243; custom_button=&#8221;on&#8221; button_text_size=&#8221;17px&#8221; button_text_color=&#8221;#000000&#8243; button_bg_color=&#8221;#8F5F25&#8243; button_bg_color_gradient_direction=&#8221;160deg&#8221; button_border_width=&#8221;3px&#8221; button_border_color=&#8221;#8f5f25&#8243; button_border_radius=&#8221;0px&#8221; button_letter_spacing=&#8221;0px&#8221; button_font=&#8221;|700||on|||||&#8221; button_use_icon=&#8221;off&#8221; custom_padding=&#8221;14px|24px|14px|24px|true|true&#8221; box_shadow_vertical_last_edited=&#8221;off|desktop&#8221; locked=&#8221;off&#8221; global_colors_info=&#8221;{}&#8221; box_shadow_color__hover=&#8221;#2585b2&#8243; box_shadow_blur__hover_enabled=&#8221;on&#8221; box_shadow_blur__hover=&#8221;40px&#8221; box_shadow_vertical__hover_enabled=&#8221;on&#8221; box_shadow_vertical__hover=&#8221;20px&#8221;][\/et_pb_button][\/et_pb_column][et_pb_column type=&#8221;1_2&#8243; _builder_version=&#8221;4.16&#8243; global_colors_info=&#8221;{}&#8221;][et_pb_image src=&#8221;https:\/\/energije-morja.si\/hr\/wp-content\/uploads\/2025\/03\/Kitajska-masaza-Erik-Bolta-naslovna.png&#8221; alt=&#8221;Kitajska masa\u017ea Erik Bolta naslovna&#8221; title_text=&#8221;Kitajska masa\u017ea Erik Bolta naslovna&#8221; _builder_version=&#8221;4.27.4&#8243; max_width_tablet=&#8221;200px&#8221; max_width_phone=&#8221;&#8221; max_width_last_edited=&#8221;on|desktop&#8221; custom_margin=&#8221;-5vw|-10vw|||false|false&#8221; custom_margin_tablet=&#8221;0vw|||0vw|false|false&#8221; custom_margin_phone=&#8221;&#8221; custom_margin_last_edited=&#8221;on|desktop&#8221; hover_enabled=&#8221;0&#8243; global_colors_info=&#8221;{}&#8221; sticky_enabled=&#8221;0&#8243;][\/et_pb_image][\/et_pb_column][\/et_pb_row][\/et_pb_section][et_pb_section fb_built=&#8221;1&#8243; _builder_version=&#8221;4.27.4&#8243; _module_preset=&#8221;default&#8221; custom_padding=&#8221;20px|||||&#8221; global_colors_info=&#8221;{}&#8221;][et_pb_row column_structure=&#8221;1_2,1_2&#8243; _builder_version=&#8221;4.27.4&#8243; _module_preset=&#8221;default&#8221; width=&#8221;90%&#8221; max_width=&#8221;2000px&#8221; custom_padding=&#8221;||12px|||&#8221; global_colors_info=&#8221;{}&#8221;][et_pb_column type=&#8221;1_2&#8243; _builder_version=&#8221;4.27.4&#8243; _module_preset=&#8221;default&#8221; global_colors_info=&#8221;{}&#8221;][et_pb_image src=&#8221;https:\/\/energije-morja.si\/hr\/wp-content\/uploads\/2025\/03\/Kitajska-masaza-Erik-Bolta-.png&#8221; alt=&#8221;Kitajska masa\u017ea Erik Bolta&#8221; title_text=&#8221;Kitajska masa\u017ea Erik Bolta&#8221; align=&#8221;center&#8221; _builder_version=&#8221;4.27.4&#8243; _module_preset=&#8221;default&#8221; hover_enabled=&#8221;0&#8243; global_colors_info=&#8221;{}&#8221; sticky_enabled=&#8221;0&#8243;][\/et_pb_image][\/et_pb_column][et_pb_column type=&#8221;1_2&#8243; _builder_version=&#8221;4.27.4&#8243; _module_preset=&#8221;default&#8221; global_colors_info=&#8221;{}&#8221;][et_pb_text _builder_version=&#8221;4.27.4&#8243; text_text_color=&#8221;#2b2b2b&#8221; header_2_font=&#8221;Abel||||||||&#8221; header_2_font_size=&#8221;70px&#8221; header_2_letter_spacing=&#8221;3px&#8221; header_2_line_height=&#8221;1.2em&#8221; text_orientation=&#8221;center&#8221; max_width=&#8221;800px&#8221; custom_margin=&#8221;11px|||||&#8221; header_2_font_size_tablet=&#8221;38px&#8221; header_2_font_size_phone=&#8221;26px&#8221; header_2_font_size_last_edited=&#8221;on|tablet&#8221; header_2_letter_spacing_tablet=&#8221;1px&#8221; header_2_letter_spacing_phone=&#8221;0px&#8221; header_2_letter_spacing_last_edited=&#8221;on|desktop&#8221; text_text_align=&#8221;center&#8221; locked=&#8221;off&#8221; global_colors_info=&#8221;{}&#8221;]<\/p>\n<p style=\"text-align: justify;\"><strong><em>Kineska masa\u017ea \u2013 Opu\u0161tanje i ravnote\u017ea za tijelo i duh<\/em><\/strong><\/p>\n<p style=\"text-align: justify;\">Kineska masa\u017ea je drevna terapijska tehnika koja potje\u010de iz tradicionalne kineske medicine (TKM). Rije\u010d je o holisti\u010dkom pristupu koji kombinira umjetnost opu\u0161tanja s ljekovitim u\u010dincima na tijelo. Kombinacijom razli\u010ditih tehnika, kao \u0161to su trljanje, pritiskanje, valjanje i gnje\u010denje, kineska masa\u017ea poti\u010de prirodnu ravnote\u017eu tjelesne energije (qi), pobolj\u0161ava cirkulaciju krvi i poma\u017ee u ubla\u017eavanju boli.<\/p>\n<p style=\"text-align: justify;\"><strong><em>Za\u0161to odabrati kinesku masa\u017eu?<\/em><\/strong><\/p>\n<p style=\"text-align: justify;\">&#8211; Opu\u0161tanje napetosti: Poma\u017ee u opu\u0161tanju mi\u0161i\u0107a i smanjenju stresa.<br \/>&#8211; Prirodna ravnote\u017ea: Poti\u010de protok energije kroz meridijane tijela, poma\u017eu\u0107i tijelu u revitalizaciji.<br \/>&#8211; Holisti\u010dko zdravlje: U\u010dinkovita je u ubla\u017eavanju bolova u le\u0111ima, vratu, ramenima i drugim mi\u0161i\u0107no-ko\u0161tanim problemima.<br \/>&#8211; Podr\u0161ka lije\u010denju: Poma\u017ee kod probavnih problema, nesanice i kroni\u010dnog umora.<\/p>\n<p style=\"text-align: justify;\"><strong><em>Koji su principi kineske masa\u017ee?<\/em><\/strong><\/p>\n<p style=\"text-align: justify;\">Temelje\u0107i se na filozofiji TKM, tijekom masa\u017ee usredoto\u010dujemo se na glavne energetske putove i akupunkturne to\u010dke. Posebnim tehnikama stimuliramo protok energije, pobolj\u0161avaju\u0107i funkcioniranje tijela i osiguravaju\u0107i duboko opu\u0161tanje.<\/p>\n<p>[\/et_pb_text][\/et_pb_column][\/et_pb_row][et_pb_row _builder_version=&#8221;4.27.4&#8243; _module_preset=&#8221;default&#8221; width=&#8221;90%&#8221; max_width=&#8221;2000px&#8221; custom_padding=&#8221;7px|||||&#8221; global_colors_info=&#8221;{}&#8221;][et_pb_column type=&#8221;4_4&#8243; _builder_version=&#8221;4.27.4&#8243; _module_preset=&#8221;default&#8221; global_colors_info=&#8221;{}&#8221;][et_pb_text _builder_version=&#8221;4.27.4&#8243; text_text_color=&#8221;#2b2b2b&#8221; header_2_font=&#8221;Abel||||||||&#8221; header_2_font_size=&#8221;70px&#8221; header_2_letter_spacing=&#8221;3px&#8221; header_2_line_height=&#8221;1.2em&#8221; text_orientation=&#8221;center&#8221; max_width=&#8221;2000%&#8221; custom_margin=&#8221;-3px|||||&#8221; header_2_font_size_tablet=&#8221;38px&#8221; header_2_font_size_phone=&#8221;26px&#8221; header_2_font_size_last_edited=&#8221;on|tablet&#8221; header_2_letter_spacing_tablet=&#8221;1px&#8221; header_2_letter_spacing_phone=&#8221;0px&#8221; header_2_letter_spacing_last_edited=&#8221;on|desktop&#8221; text_text_align=&#8221;center&#8221; locked=&#8221;off&#8221; global_colors_info=&#8221;{}&#8221;]<\/p>\n<p style=\"text-align: justify;\"><strong><em>Iskusite harmoniju i dobrobit<\/em><\/strong><\/p>\n<p style=\"text-align: justify;\">Kineska masa\u017ea je vi\u0161e od obi\u010dnog opu\u0161tanja \u2013 to je put prema unutarnjoj ravnote\u017ei i zdravlju. Prepustite se drevnoj mudrosti i iskusite blagotvorne u\u010dinke ove jedinstvene terapijske tehnike.<\/p>\n<p style=\"text-align: justify;\"><em><strong>Rezervirajte svoj termin i krenite na put prema potpunoj ravnote\u017ei!<\/strong><\/em><\/p>\n<p>[\/et_pb_text][\/et_pb_column][\/et_pb_row][\/et_pb_section]<\/p>\n","protected":false},"excerpt":{"rendered":"<p>Kineska masa\u017eaKineska masa\u017ea \u2013 Opu\u0161tanje i ravnote\u017ea za tijelo i duh Kineska masa\u017ea je drevna terapijska tehnika koja potje\u010de iz tradicionalne kineske medicine (TKM). Rije\u010d je o holisti\u010dkom pristupu koji kombinira umjetnost opu\u0161tanja s ljekovitim u\u010dincima na tijelo. Kombinacijom razli\u010ditih tehnika, kao \u0161to su trljanje, pritiskanje, valjanje i gnje\u010denje, kineska masa\u017ea poti\u010de prirodnu ravnote\u017eu tjelesne [&hellip;]<\/p>\n","protected":false},"author":1,"featured_media":0,"parent":0,"menu_order":0,"comment_status":"closed","ping_status":"closed","template":"","meta":{"_et_pb_use_builder":"on","_et_pb_old_content":"","_et_gb_content_width":"","footnotes":""},"class_list":["post-108","page","type-page","status-publish","hentry"],"_links":{"self":[{"href":"https:\/\/energije-morja.si\/hr\/wp-json\/wp\/v2\/pages\/108","targetHints":{"allow":["GET"]}}],"collection":[{"href":"https:\/\/energije-morja.si\/hr\/wp-json\/wp\/v2\/pages"}],"about":[{"href":"https:\/\/energije-morja.si\/hr\/wp-json\/wp\/v2\/types\/page"}],"author":[{"embeddable":true,"href":"https:\/\/energije-morja.si\/hr\/wp-json\/wp\/v2\/users\/1"}],"replies":[{"embeddable":true,"href":"https:\/\/energije-morja.si\/hr\/wp-json\/wp\/v2\/comments?post=108"}],"version-history":[{"count":10,"href":"https:\/\/energije-morja.si\/hr\/wp-json\/wp\/v2\/pages\/108\/revisions"}],"predecessor-version":[{"id":913,"href":"https:\/\/energije-morja.si\/hr\/wp-json\/wp\/v2\/pages\/108\/revisions\/913"}],"wp:attachment":[{"href":"https:\/\/energije-morja.si\/hr\/wp-json\/wp\/v2\/media?parent=108"}],"curies":[{"name":"wp","href":"https:\/\/api.w.org\/{rel}","templated":true}]}}