{"id":116,"date":"2025-01-02T20:38:19","date_gmt":"2025-01-02T20:38:19","guid":{"rendered":"https:\/\/energije-morja.si\/hr\/?page_id=116"},"modified":"2025-03-25T21:03:47","modified_gmt":"2025-03-25T21:03:47","slug":"refleksoterapija","status":"publish","type":"page","link":"https:\/\/energije-morja.si\/hr\/refleksoterapija\/","title":{"rendered":"Refleksoterapija"},"content":{"rendered":"<p>[et_pb_section fb_built=&#8221;1&#8243; admin_label=&#8221;Header&#8221; _builder_version=&#8221;4.16&#8243; background_image=&#8221;https:\/\/energije-morja.si\/hr\/wp-content\/uploads\/2025\/01\/massage-20.jpg&#8221; background_size=&#8221;contain&#8221; custom_padding=&#8221;||0px|||&#8221; locked=&#8221;off&#8221; global_colors_info=&#8221;{}&#8221;][et_pb_row column_structure=&#8221;1_2,1_2&#8243; _builder_version=&#8221;4.27.4&#8243; width=&#8221;90%&#8221; max_width=&#8221;2000px&#8221; custom_padding=&#8221;||0px||false|false&#8221; global_colors_info=&#8221;{}&#8221;][et_pb_column type=&#8221;1_2&#8243; _builder_version=&#8221;4.16&#8243; custom_padding=&#8221;||30px||false|false&#8221; global_colors_info=&#8221;{}&#8221;][et_pb_text _builder_version=&#8221;4.27.4&#8243; header_font=&#8221;|||on|||||&#8221; header_text_color=&#8221;#8F5F25&#8243; header_font_size=&#8221;60px&#8221; header_line_height=&#8221;1.1em&#8221; custom_margin=&#8221;38px|||||&#8221; header_font_tablet=&#8221;Muli|600|||||||&#8221; header_font_phone=&#8221;&#8221; header_font_last_edited=&#8221;on|desktop&#8221; header_font_size_tablet=&#8221;44px&#8221; header_font_size_phone=&#8221;34px&#8221; header_font_size_last_edited=&#8221;on|phone&#8221; header_letter_spacing_tablet=&#8221;2px&#8221; header_letter_spacing_phone=&#8221;0px&#8221; header_letter_spacing_last_edited=&#8221;on|desktop&#8221; header_text_shadow_style=&#8221;preset3&#8243; header_text_shadow_color=&#8221;#ffffff&#8221; locked=&#8221;off&#8221; global_colors_info=&#8221;{}&#8221;]<\/p>\n<h1>Refleksoterapija<\/h1>\n<p>[\/et_pb_text][et_pb_button button_url=&#8221;https:\/\/energije-morja.si\/hr\/kontakt\/&#8221; button_text=&#8221;Stupimo u kontakt&#8221; _builder_version=&#8221;4.27.4&#8243; custom_button=&#8221;on&#8221; button_text_size=&#8221;17px&#8221; button_text_color=&#8221;#000000&#8243; button_bg_color=&#8221;#8F5F25&#8243; button_bg_color_gradient_direction=&#8221;160deg&#8221; button_border_width=&#8221;3px&#8221; button_border_color=&#8221;#8f5f25&#8243; button_border_radius=&#8221;0px&#8221; button_letter_spacing=&#8221;0px&#8221; button_font=&#8221;|700||on|||||&#8221; button_use_icon=&#8221;off&#8221; custom_padding=&#8221;14px|24px|14px|24px|true|true&#8221; box_shadow_vertical_last_edited=&#8221;off|desktop&#8221; locked=&#8221;off&#8221; global_colors_info=&#8221;{}&#8221; box_shadow_color__hover=&#8221;#2585b2&#8243; box_shadow_blur__hover_enabled=&#8221;on&#8221; box_shadow_blur__hover=&#8221;40px&#8221; box_shadow_vertical__hover_enabled=&#8221;on&#8221; box_shadow_vertical__hover=&#8221;20px&#8221;][\/et_pb_button][\/et_pb_column][et_pb_column type=&#8221;1_2&#8243; _builder_version=&#8221;4.16&#8243; global_colors_info=&#8221;{}&#8221;][et_pb_image src=&#8221;https:\/\/energije-morja.si\/hr\/wp-content\/uploads\/2025\/03\/Refleksoterapija-Erik-Bolta-naslovna.png&#8221; alt=&#8221;Refleksoterapija Erik Bolta naslovna&#8221; title_text=&#8221;Refleksoterapija Erik Bolta naslovna&#8221; _builder_version=&#8221;4.27.4&#8243; max_width_tablet=&#8221;200px&#8221; max_width_phone=&#8221;&#8221; max_width_last_edited=&#8221;on|desktop&#8221; custom_margin=&#8221;-5vw|-10vw|||false|false&#8221; custom_margin_tablet=&#8221;0vw|||0vw|false|false&#8221; custom_margin_phone=&#8221;&#8221; custom_margin_last_edited=&#8221;on|desktop&#8221; hover_enabled=&#8221;0&#8243; global_colors_info=&#8221;{}&#8221; sticky_enabled=&#8221;0&#8243;][\/et_pb_image][\/et_pb_column][\/et_pb_row][\/et_pb_section][et_pb_section fb_built=&#8221;1&#8243; _builder_version=&#8221;4.27.4&#8243; _module_preset=&#8221;default&#8221; custom_padding=&#8221;20px|||||&#8221; global_colors_info=&#8221;{}&#8221;][et_pb_row column_structure=&#8221;1_2,1_2&#8243; _builder_version=&#8221;4.27.4&#8243; _module_preset=&#8221;default&#8221; width=&#8221;90%&#8221; max_width=&#8221;2000px&#8221; custom_padding=&#8221;||12px|||&#8221; global_colors_info=&#8221;{}&#8221;][et_pb_column type=&#8221;1_2&#8243; _builder_version=&#8221;4.27.4&#8243; _module_preset=&#8221;default&#8221; global_colors_info=&#8221;{}&#8221;][et_pb_image src=&#8221;https:\/\/energije-morja.si\/hr\/wp-content\/uploads\/2025\/03\/Refleksoterapija-Erik-Bolta-.png&#8221; alt=&#8221;Refleksoterapija Erik Bolta naslovna&#8221; title_text=&#8221;Refleksoterapija Erik Bolta&#8221; align=&#8221;center&#8221; _builder_version=&#8221;4.27.4&#8243; _module_preset=&#8221;default&#8221; hover_enabled=&#8221;0&#8243; global_colors_info=&#8221;{}&#8221; sticky_enabled=&#8221;0&#8243;][\/et_pb_image][\/et_pb_column][et_pb_column type=&#8221;1_2&#8243; _builder_version=&#8221;4.27.4&#8243; _module_preset=&#8221;default&#8221; global_colors_info=&#8221;{}&#8221;][et_pb_text _builder_version=&#8221;4.27.4&#8243; text_text_color=&#8221;#2b2b2b&#8221; header_2_font=&#8221;Abel||||||||&#8221; header_2_font_size=&#8221;70px&#8221; header_2_letter_spacing=&#8221;3px&#8221; header_2_line_height=&#8221;1.2em&#8221; text_orientation=&#8221;center&#8221; max_width=&#8221;800px&#8221; custom_margin=&#8221;11px|||||&#8221; header_2_font_size_tablet=&#8221;38px&#8221; header_2_font_size_phone=&#8221;26px&#8221; header_2_font_size_last_edited=&#8221;on|tablet&#8221; header_2_letter_spacing_tablet=&#8221;1px&#8221; header_2_letter_spacing_phone=&#8221;0px&#8221; header_2_letter_spacing_last_edited=&#8221;on|desktop&#8221; text_text_align=&#8221;center&#8221; locked=&#8221;off&#8221; global_colors_info=&#8221;{}&#8221;]<\/p>\n<p style=\"text-align: justify;\"><em><strong>Refleksoterapija<\/strong><\/em><\/p>\n<p style=\"text-align: justify;\">Refleksoterapija je terapeutska tehnika koja pritiskanjem specifi\u010dnih zona na stopalu ili dlanu opu\u0161ta i harmonizira cijelo tijelo te povoljno djeluje na zdravlje i op\u0107e blagostanje.<\/p>\n<p style=\"text-align: justify;\">Stopalo je povezano s cijelim organizmom na vi\u0161e razina. Prekriveno je s vi\u0161e receptora nego bilo koji drugi dio tijela, \u0161to ukazuje na njegovu posebnu ulogu mikrosustava (me\u0111usobna povezanost i djelovanje dijelova i cjeline). Ti receptori reagiraju na razne podra\u017eaje, koje \u017eiv\u010dana vlakna prenose do le\u0111ne mo\u017edine, gdje se povezuju u segmentima, ili dalje do mozga.<\/p>\n<p style=\"text-align: justify;\">Na autonomne receptore, \u017eiv\u010dana vlakna ko\u017ee i tkiva stopala utje\u010du ru\u010dni i drugi podra\u017eaji, koji se zatim povezuju s preganglijskim i postganglijskim sinapsama. Fascije (vezivni omota\u010di), koji se prote\u017eu kroz cijelo tijelo, kontinuirano razmjenjuju informacije. Tu komunikaciju mogu\u0107e je potaknuti razli\u010ditim terapijama, uklju\u010duju\u0107i refleksoterapiju.<\/p>\n<p style=\"text-align: justify;\">Na po\u010detku svaka pojedina\u010dna stanica nosi potencijal za razvoj cijelog organizma. Svaka stanica djeluje kao osjetilni organ i prenositelj informacija. Refleksne zone su podijeljene u mikrosustave, koji su u interaktivnom odnosu s makrosustavom, odnosno cijelom osobom.<\/p>\n<p>[\/et_pb_text][\/et_pb_column][\/et_pb_row][et_pb_row _builder_version=&#8221;4.27.4&#8243; _module_preset=&#8221;default&#8221; width=&#8221;90%&#8221; max_width=&#8221;2000px&#8221; custom_padding=&#8221;7px|||||&#8221; global_colors_info=&#8221;{}&#8221;][et_pb_column type=&#8221;4_4&#8243; _builder_version=&#8221;4.27.4&#8243; _module_preset=&#8221;default&#8221; global_colors_info=&#8221;{}&#8221;][et_pb_text _builder_version=&#8221;4.27.4&#8243; text_text_color=&#8221;#2b2b2b&#8221; header_2_font=&#8221;Abel||||||||&#8221; header_2_font_size=&#8221;70px&#8221; header_2_letter_spacing=&#8221;3px&#8221; header_2_line_height=&#8221;1.2em&#8221; text_orientation=&#8221;center&#8221; max_width=&#8221;2000%&#8221; custom_margin=&#8221;-3px|||||&#8221; header_2_font_size_tablet=&#8221;38px&#8221; header_2_font_size_phone=&#8221;26px&#8221; header_2_font_size_last_edited=&#8221;on|tablet&#8221; header_2_letter_spacing_tablet=&#8221;1px&#8221; header_2_letter_spacing_phone=&#8221;0px&#8221; header_2_letter_spacing_last_edited=&#8221;on|desktop&#8221; text_text_align=&#8221;center&#8221; locked=&#8221;off&#8221; global_colors_info=&#8221;{}&#8221;]<\/p>\n<p style=\"text-align: justify;\">Mali &#8220;zasloni vlastite slike&#8221;, koji komuniciraju s makrosustavom (cjelinom), nalik na mre\u017eu upravlja\u010dkih krugova, nazivamo mikrosustavi. Nedavna istra\u017eivanja potvr\u0111uju mogu\u0107nost rezonancije izme\u0111u makrosustava i mikrosustava, koja se mo\u017ee aktivirati odgovaraju\u0107im terapijama.<\/p>\n<p style=\"text-align: justify;\">Refleksoterapija pripada skupini komplementarnih metoda lije\u010denja koje obuhva\u0107aju \u010dovjeka na svim razinama, ali uvijek u granicama njegovih regenerativnih sposobnosti. Ne bori se protiv simptoma niti ih ubla\u017eava, ve\u0107 poti\u010de sposobnost samoizlje\u010denja i aktivira &#8220;unutarnjeg lije\u010dnika&#8221; klienta. Refleksoterapija stopala, kao manualna terapijska metoda, omogu\u0107uje zna\u010dajan ljekoviti dodir.<\/p>\n<p style=\"text-align: justify;\"><em><strong>(Hanne Marquardt: Refleksoterapija stopala)<\/strong><\/em><\/p>\n<p style=\"text-align: justify;\"><em><strong>Blagodati refleksoterapije<\/strong><\/em><\/p>\n<p style=\"text-align: justify;\">\u2022 Aktivira unutarnji obrambeni mehanizam i osloba\u0111a prepreke u stvaranju energije za samoizlje\u010denje.<br \/>\u2022 Osloba\u0111a energetske blokade nastale zbog optere\u0107enja organizma.<br \/>\u2022 Poma\u017ee u osloba\u0111anju potisnutih emocija i trauma iz djetinjstva.<br \/>\u2022 Poti\u010de protok tjelesnih teku\u0107ina, detoksicira organizam.<br \/>\u2022 Uspostavlja ravnote\u017eu u funkcioniranju organa.<br \/>\u2022 Pobolj\u0161ava krvotok i opskrbu organa i stanica krvlju.<br \/>\u2022 Pobolj\u0161ava protok limfe.<br \/>\u2022 Ja\u010da imunolo\u0161ki sustav.<br \/>\u2022 Pobolj\u0161ava funkciju organa i organskih sustava u tijelu.<br \/>\u2022 Ubla\u017eava ili eliminira bolove.<br \/>\u2022 Ubla\u017eava posljedice stresa.<br \/>\u2022 Podi\u017ee koncentraciju.<br \/>\u2022 Pobolj\u0161ava op\u0107e zdravlje.<\/p>\n<p>[\/et_pb_text][\/et_pb_column][\/et_pb_row][\/et_pb_section]<\/p>\n","protected":false},"excerpt":{"rendered":"<p>RefleksoterapijaRefleksoterapija Refleksoterapija je terapeutska tehnika koja pritiskanjem specifi\u010dnih zona na stopalu ili dlanu opu\u0161ta i harmonizira cijelo tijelo te povoljno djeluje na zdravlje i op\u0107e blagostanje. Stopalo je povezano s cijelim organizmom na vi\u0161e razina. Prekriveno je s vi\u0161e receptora nego bilo koji drugi dio tijela, \u0161to ukazuje na njegovu posebnu ulogu mikrosustava (me\u0111usobna povezanost [&hellip;]<\/p>\n","protected":false},"author":1,"featured_media":0,"parent":0,"menu_order":0,"comment_status":"closed","ping_status":"closed","template":"","meta":{"_et_pb_use_builder":"on","_et_pb_old_content":"","_et_gb_content_width":"","footnotes":""},"class_list":["post-116","page","type-page","status-publish","hentry"],"_links":{"self":[{"href":"https:\/\/energije-morja.si\/hr\/wp-json\/wp\/v2\/pages\/116","targetHints":{"allow":["GET"]}}],"collection":[{"href":"https:\/\/energije-morja.si\/hr\/wp-json\/wp\/v2\/pages"}],"about":[{"href":"https:\/\/energije-morja.si\/hr\/wp-json\/wp\/v2\/types\/page"}],"author":[{"embeddable":true,"href":"https:\/\/energije-morja.si\/hr\/wp-json\/wp\/v2\/users\/1"}],"replies":[{"embeddable":true,"href":"https:\/\/energije-morja.si\/hr\/wp-json\/wp\/v2\/comments?post=116"}],"version-history":[{"count":11,"href":"https:\/\/energije-morja.si\/hr\/wp-json\/wp\/v2\/pages\/116\/revisions"}],"predecessor-version":[{"id":916,"href":"https:\/\/energije-morja.si\/hr\/wp-json\/wp\/v2\/pages\/116\/revisions\/916"}],"wp:attachment":[{"href":"https:\/\/energije-morja.si\/hr\/wp-json\/wp\/v2\/media?parent=116"}],"curies":[{"name":"wp","href":"https:\/\/api.w.org\/{rel}","templated":true}]}}