{"id":232,"date":"2025-01-09T09:20:51","date_gmt":"2025-01-09T09:20:51","guid":{"rendered":"https:\/\/energije-morja.si\/hr\/?page_id=232"},"modified":"2025-03-25T21:11:59","modified_gmt":"2025-03-25T21:11:59","slug":"aurikuloterapija","status":"publish","type":"page","link":"https:\/\/energije-morja.si\/hr\/aurikuloterapija\/","title":{"rendered":"Aurikuloterapija"},"content":{"rendered":"<p>[et_pb_section fb_built=&#8221;1&#8243; admin_label=&#8221;Header&#8221; _builder_version=&#8221;4.16&#8243; background_image=&#8221;https:\/\/energije-morja.si\/hr\/wp-content\/uploads\/2025\/01\/massage-20.jpg&#8221; background_size=&#8221;contain&#8221; custom_padding=&#8221;||0px|||&#8221; locked=&#8221;off&#8221; global_colors_info=&#8221;{}&#8221;][et_pb_row column_structure=&#8221;1_2,1_2&#8243; _builder_version=&#8221;4.27.4&#8243; custom_padding=&#8221;||0px||false|false&#8221; global_colors_info=&#8221;{}&#8221;][et_pb_column type=&#8221;1_2&#8243; _builder_version=&#8221;4.16&#8243; custom_padding=&#8221;||30px||false|false&#8221; global_colors_info=&#8221;{}&#8221;][et_pb_text _builder_version=&#8221;4.27.4&#8243; header_font=&#8221;|||on|||||&#8221; header_text_color=&#8221;#8F5F25&#8243; header_font_size=&#8221;50px&#8221; header_line_height=&#8221;1.1em&#8221; custom_margin=&#8221;38px|||||&#8221; header_font_tablet=&#8221;Muli|600|||||||&#8221; header_font_phone=&#8221;&#8221; header_font_last_edited=&#8221;on|desktop&#8221; header_font_size_tablet=&#8221;44px&#8221; header_font_size_phone=&#8221;34px&#8221; header_font_size_last_edited=&#8221;on|phone&#8221; header_letter_spacing_tablet=&#8221;2px&#8221; header_letter_spacing_phone=&#8221;0px&#8221; header_letter_spacing_last_edited=&#8221;on|desktop&#8221; header_text_shadow_style=&#8221;preset3&#8243; header_text_shadow_color=&#8221;#ffffff&#8221; locked=&#8221;off&#8221; global_colors_info=&#8221;{}&#8221;]<\/p>\n<h1>Aurikuloterapija<\/h1>\n<p>[\/et_pb_text][et_pb_button button_url=&#8221;https:\/\/energije-morja.si\/hr\/kontakt\/&#8221; button_text=&#8221;Stupimo u kontakt&#8221; _builder_version=&#8221;4.27.4&#8243; custom_button=&#8221;on&#8221; button_text_size=&#8221;17px&#8221; button_text_color=&#8221;#000000&#8243; button_bg_color=&#8221;#8F5F25&#8243; button_bg_color_gradient_direction=&#8221;160deg&#8221; button_border_width=&#8221;3px&#8221; button_border_color=&#8221;#8f5f25&#8243; button_border_radius=&#8221;0px&#8221; button_letter_spacing=&#8221;0px&#8221; button_font=&#8221;|700||on|||||&#8221; button_use_icon=&#8221;off&#8221; custom_padding=&#8221;14px|24px|14px|24px|true|true&#8221; box_shadow_vertical_last_edited=&#8221;off|desktop&#8221; locked=&#8221;off&#8221; global_colors_info=&#8221;{}&#8221; box_shadow_color__hover=&#8221;#2585b2&#8243; box_shadow_blur__hover_enabled=&#8221;on&#8221; box_shadow_blur__hover=&#8221;40px&#8221; box_shadow_vertical__hover_enabled=&#8221;on&#8221; box_shadow_vertical__hover=&#8221;20px&#8221;][\/et_pb_button][\/et_pb_column][et_pb_column type=&#8221;1_2&#8243; _builder_version=&#8221;4.16&#8243; global_colors_info=&#8221;{}&#8221;][et_pb_image src=&#8221;https:\/\/energije-morja.si\/hr\/wp-content\/uploads\/2025\/03\/Aurikuloterapija-Erik-Bolta-naslovna.png&#8221; alt=&#8221;Aurikuloterapija Erik Bolta naslovna&#8221; title_text=&#8221;Aurikuloterapija Erik Bolta naslovna&#8221; _builder_version=&#8221;4.27.4&#8243; max_width_tablet=&#8221;200px&#8221; max_width_phone=&#8221;&#8221; max_width_last_edited=&#8221;on|desktop&#8221; custom_margin=&#8221;-5vw|-10vw|||false|false&#8221; custom_margin_tablet=&#8221;0vw|||0vw|false|false&#8221; custom_margin_phone=&#8221;&#8221; custom_margin_last_edited=&#8221;on|desktop&#8221; hover_enabled=&#8221;0&#8243; global_colors_info=&#8221;{}&#8221; sticky_enabled=&#8221;0&#8243;][\/et_pb_image][\/et_pb_column][\/et_pb_row][\/et_pb_section][et_pb_section fb_built=&#8221;1&#8243; _builder_version=&#8221;4.27.4&#8243; _module_preset=&#8221;default&#8221; custom_padding=&#8221;20px|||||&#8221; global_colors_info=&#8221;{}&#8221;][et_pb_row column_structure=&#8221;1_2,1_2&#8243; _builder_version=&#8221;4.27.4&#8243; _module_preset=&#8221;default&#8221; width=&#8221;90%&#8221; max_width=&#8221;2000px&#8221; custom_padding=&#8221;||0px|||&#8221; global_colors_info=&#8221;{}&#8221;][et_pb_column type=&#8221;1_2&#8243; _builder_version=&#8221;4.27.4&#8243; _module_preset=&#8221;default&#8221; global_colors_info=&#8221;{}&#8221;][et_pb_image src=&#8221;https:\/\/energije-morja.si\/hr\/wp-content\/uploads\/2025\/03\/Aurikuloterapija-Erik-Bolta-nova.png&#8221; alt=&#8221;Aurikuloterapija Erik Bolta naslovna&#8221; title_text=&#8221;Aurikuloterapija Erik Bolta nova&#8221; align=&#8221;center&#8221; _builder_version=&#8221;4.27.4&#8243; _module_preset=&#8221;default&#8221; custom_margin=&#8221;-2px|||||&#8221; hover_enabled=&#8221;0&#8243; global_colors_info=&#8221;{}&#8221; sticky_enabled=&#8221;0&#8243;][\/et_pb_image][\/et_pb_column][et_pb_column type=&#8221;1_2&#8243; _builder_version=&#8221;4.27.4&#8243; _module_preset=&#8221;default&#8221; global_colors_info=&#8221;{}&#8221;][et_pb_text _builder_version=&#8221;4.27.4&#8243; text_text_color=&#8221;#2b2b2b&#8221; header_2_font=&#8221;Abel||||||||&#8221; header_2_font_size=&#8221;70px&#8221; header_2_letter_spacing=&#8221;3px&#8221; header_2_line_height=&#8221;1.2em&#8221; text_orientation=&#8221;center&#8221; max_width=&#8221;800px&#8221; custom_margin=&#8221;12px||4px|||&#8221; header_2_font_size_tablet=&#8221;38px&#8221; header_2_font_size_phone=&#8221;26px&#8221; header_2_font_size_last_edited=&#8221;on|tablet&#8221; header_2_letter_spacing_tablet=&#8221;1px&#8221; header_2_letter_spacing_phone=&#8221;0px&#8221; header_2_letter_spacing_last_edited=&#8221;on|desktop&#8221; text_text_align=&#8221;center&#8221; locked=&#8221;off&#8221; global_colors_info=&#8221;{}&#8221;]<\/p>\n<p style=\"text-align: justify;\"><em><strong>Dobrodo\u0161li u svijet aurikuloterapije!<\/strong><\/em><\/p>\n<p style=\"text-align: justify;\">Aurikuloterapija je prirodna i neinvazivna metoda lije\u010denja koja se temelji na stimulaciji to\u010daka na uhu. Kori\u0161tenjem akupunkturnih igala, laserske terapije, magneta ili posebnih sjemenki mo\u017eemo potaknuti tjelesne procese samolije\u010denja i pobolj\u0161ati va\u0161e op\u0107e stanje.<\/p>\n<p style=\"text-align: justify;\"><em><strong>Kako djeluje?<\/strong><\/em><\/p>\n<p style=\"text-align: justify;\">Svaka to\u010dka na uhu odgovara odre\u0111enom organu, dijelu tijela ili funkciji. Aurikuloterapija djeluje na temelju principa refleksnih veza, gdje u\u0161na \u0161koljka predstavlja mapu cijelog tijela. Stimuliranjem ovih to\u010daka mo\u017eemo:<\/p>\n<p style=\"text-align: justify;\">\u2022 Ubla\u017eiti bol (npr. glavobolje, bolove u le\u0111ima, reumatske bolove),<br \/>\u2022 Podr\u017eati mentalno zdravlje (smanjenje stresa, anksioznosti, depresije),<br \/>\u2022 Pobolj\u0161ati san,<br \/>\u2022 Ubrzati oporavak tijela,<br \/>\u2022 Pomagati u prestanku pu\u0161enja ili prekomjernog prehranjivanja.<\/p>\n<p style=\"text-align: justify;\"><em><strong>Za koga je prikladna?<\/strong><\/em><\/p>\n<p style=\"text-align: justify;\">Aurikuloterapija je prikladna za sve koji tra\u017ee prirodan na\u010din pobolj\u0161anja kvalitete \u017eivota.<\/p>\n<p>[\/et_pb_text][\/et_pb_column][\/et_pb_row][et_pb_row _builder_version=&#8221;4.27.4&#8243; _module_preset=&#8221;default&#8221; width=&#8221;90%&#8221; max_width=&#8221;2000px&#8221; custom_padding=&#8221;7px|||||&#8221; global_colors_info=&#8221;{}&#8221;][et_pb_column type=&#8221;4_4&#8243; _builder_version=&#8221;4.27.4&#8243; _module_preset=&#8221;default&#8221; global_colors_info=&#8221;{}&#8221;][et_pb_text _builder_version=&#8221;4.27.4&#8243; text_text_color=&#8221;#2b2b2b&#8221; header_2_font=&#8221;Abel||||||||&#8221; header_2_font_size=&#8221;70px&#8221; header_2_letter_spacing=&#8221;3px&#8221; header_2_line_height=&#8221;1.2em&#8221; text_orientation=&#8221;center&#8221; max_width=&#8221;2000%&#8221; custom_margin=&#8221;-3px|||||&#8221; custom_padding=&#8221;8px|||||&#8221; header_2_font_size_tablet=&#8221;38px&#8221; header_2_font_size_phone=&#8221;26px&#8221; header_2_font_size_last_edited=&#8221;on|tablet&#8221; header_2_letter_spacing_tablet=&#8221;1px&#8221; header_2_letter_spacing_phone=&#8221;0px&#8221; header_2_letter_spacing_last_edited=&#8221;on|desktop&#8221; text_text_align=&#8221;center&#8221; locked=&#8221;off&#8221; global_colors_info=&#8221;{}&#8221;]<\/p>\n<p style=\"text-align: justify;\"><strong><em>Terapija je posebno popularna me\u0111u ljudima koji:<\/em><\/strong><\/p>\n<p style=\"text-align: justify;\">\u2022 Imaju kroni\u010dne bolove,<br \/>\u2022 Suo\u010davaju se s poreme\u0107ajima spavanja,<br \/>\u2022 Trebaju pomo\u0107 u upravljanju \u0161tetnim navikama ili stresom,<br \/>\u2022 \u017dele uravnote\u017eiti svoje tijelo i duh.<\/p>\n<p style=\"text-align: justify;\"><em><strong>Tijek terapije<\/strong><\/em><\/p>\n<p style=\"text-align: justify;\">1. Uvodni savjet: Poslu\u0161amo va\u0161e probleme i odre\u0111ujemo to\u010dke na uhu koje \u0107emo stimulirati.<br \/>2. Stimulacija: Ovisno o va\u0161im potrebama, mo\u017eemo koristiti nje\u017enu masa\u017eu, elektrostimulaciju, laser ili sjemenke za dugotrajnu stimulaciju.<br \/>3. Rezultati: Ve\u0107ina ljudi osje\u0107a opu\u0161tanje ve\u0107 nakon prvog posjeta, iako se trajni u\u010dinci obi\u010dno pokazuju kroz nekoliko uzastopnih terapija.<br \/>Pridru\u017eite nam se na putu do boljeg osje\u0107aja!<\/p>\n<p style=\"text-align: justify;\">Kontaktirajte nas ve\u0107 danas kako biste zakazali Va\u0161e prve konzultacije. Za dodatne informacije ili rezervaciju termina mo\u017eete nas nazvati ili nam pisati <a href=\"info@energije-morja.si\">e-mai<\/a>l adresu.<\/p>\n<p style=\"text-align: justify;\"><em><strong>Aurikuloterapija \u2013 prirodni put do zdravlja i ravnote\u017ee.<\/strong><\/em><\/p>\n<p>[\/et_pb_text][\/et_pb_column][\/et_pb_row][\/et_pb_section]<\/p>\n","protected":false},"excerpt":{"rendered":"<p>AurikuloterapijaDobrodo\u0161li u svijet aurikuloterapije! Aurikuloterapija je prirodna i neinvazivna metoda lije\u010denja koja se temelji na stimulaciji to\u010daka na uhu. Kori\u0161tenjem akupunkturnih igala, laserske terapije, magneta ili posebnih sjemenki mo\u017eemo potaknuti tjelesne procese samolije\u010denja i pobolj\u0161ati va\u0161e op\u0107e stanje. Kako djeluje? Svaka to\u010dka na uhu odgovara odre\u0111enom organu, dijelu tijela ili funkciji. Aurikuloterapija djeluje na temelju [&hellip;]<\/p>\n","protected":false},"author":1,"featured_media":0,"parent":0,"menu_order":0,"comment_status":"closed","ping_status":"closed","template":"","meta":{"_et_pb_use_builder":"on","_et_pb_old_content":"","_et_gb_content_width":"","footnotes":""},"class_list":["post-232","page","type-page","status-publish","hentry"],"_links":{"self":[{"href":"https:\/\/energije-morja.si\/hr\/wp-json\/wp\/v2\/pages\/232","targetHints":{"allow":["GET"]}}],"collection":[{"href":"https:\/\/energije-morja.si\/hr\/wp-json\/wp\/v2\/pages"}],"about":[{"href":"https:\/\/energije-morja.si\/hr\/wp-json\/wp\/v2\/types\/page"}],"author":[{"embeddable":true,"href":"https:\/\/energije-morja.si\/hr\/wp-json\/wp\/v2\/users\/1"}],"replies":[{"embeddable":true,"href":"https:\/\/energije-morja.si\/hr\/wp-json\/wp\/v2\/comments?post=232"}],"version-history":[{"count":12,"href":"https:\/\/energije-morja.si\/hr\/wp-json\/wp\/v2\/pages\/232\/revisions"}],"predecessor-version":[{"id":928,"href":"https:\/\/energije-morja.si\/hr\/wp-json\/wp\/v2\/pages\/232\/revisions\/928"}],"wp:attachment":[{"href":"https:\/\/energije-morja.si\/hr\/wp-json\/wp\/v2\/media?parent=232"}],"curies":[{"name":"wp","href":"https:\/\/api.w.org\/{rel}","templated":true}]}}