{"id":280,"date":"2025-02-24T14:54:13","date_gmt":"2025-02-24T14:54:13","guid":{"rendered":"https:\/\/energije-morja.si\/hr\/?page_id=280"},"modified":"2026-01-18T01:50:36","modified_gmt":"2026-01-18T01:50:36","slug":"prirodni-doping","status":"publish","type":"page","link":"https:\/\/energije-morja.si\/hr\/prirodni-doping\/","title":{"rendered":"Prirodni doping"},"content":{"rendered":"<p>[et_pb_section fb_built=&#8221;1&#8243; admin_label=&#8221;Header&#8221; _builder_version=&#8221;4.16&#8243; background_image=&#8221;https:\/\/energije-morja.si\/hr\/wp-content\/uploads\/2025\/01\/massage-20.jpg&#8221; background_size=&#8221;contain&#8221; custom_padding=&#8221;||0px|||&#8221; locked=&#8221;off&#8221; global_colors_info=&#8221;{}&#8221;][et_pb_row column_structure=&#8221;1_2,1_2&#8243; _builder_version=&#8221;4.27.4&#8243; custom_padding=&#8221;||0px||false|false&#8221; global_colors_info=&#8221;{}&#8221;][et_pb_column type=&#8221;1_2&#8243; _builder_version=&#8221;4.16&#8243; custom_padding=&#8221;||30px||false|false&#8221; global_colors_info=&#8221;{}&#8221;][et_pb_text _builder_version=&#8221;4.27.4&#8243; header_font=&#8221;|||on|||||&#8221; header_text_color=&#8221;#8F5F25&#8243; header_font_size=&#8221;50px&#8221; header_line_height=&#8221;1.1em&#8221; custom_margin=&#8221;38px|||||&#8221; header_font_tablet=&#8221;Muli|600|||||||&#8221; header_font_phone=&#8221;&#8221; header_font_last_edited=&#8221;on|desktop&#8221; header_font_size_tablet=&#8221;44px&#8221; header_font_size_phone=&#8221;34px&#8221; header_font_size_last_edited=&#8221;on|phone&#8221; header_letter_spacing_tablet=&#8221;2px&#8221; header_letter_spacing_phone=&#8221;0px&#8221; header_letter_spacing_last_edited=&#8221;on|desktop&#8221; header_text_shadow_style=&#8221;preset3&#8243; header_text_shadow_color=&#8221;#ffffff&#8221; locked=&#8221;off&#8221; global_colors_info=&#8221;{}&#8221;]<\/p>\n<h1>PRIRODNI DOPING<\/h1>\n<p>[\/et_pb_text][et_pb_button button_url=&#8221;https:\/\/energije-morja.si\/hr\/kontakt\/&#8221; button_text=&#8221;Stupimo u kontakt&#8221; _builder_version=&#8221;4.27.4&#8243; custom_button=&#8221;on&#8221; button_text_size=&#8221;17px&#8221; button_text_color=&#8221;#000000&#8243; button_bg_color=&#8221;#8F5F25&#8243; button_bg_color_gradient_direction=&#8221;160deg&#8221; button_border_width=&#8221;3px&#8221; button_border_color=&#8221;#8f5f25&#8243; button_border_radius=&#8221;0px&#8221; button_letter_spacing=&#8221;0px&#8221; button_font=&#8221;|700||on|||||&#8221; button_use_icon=&#8221;off&#8221; custom_padding=&#8221;14px|24px|14px|24px|true|true&#8221; box_shadow_vertical_last_edited=&#8221;off|desktop&#8221; locked=&#8221;off&#8221; global_colors_info=&#8221;{}&#8221; box_shadow_color__hover=&#8221;#2585b2&#8243; box_shadow_blur__hover_enabled=&#8221;on&#8221; box_shadow_blur__hover=&#8221;40px&#8221; box_shadow_vertical__hover_enabled=&#8221;on&#8221; box_shadow_vertical__hover=&#8221;20px&#8221;][\/et_pb_button][\/et_pb_column][et_pb_column type=&#8221;1_2&#8243; _builder_version=&#8221;4.16&#8243; global_colors_info=&#8221;{}&#8221;][et_pb_image src=&#8221;https:\/\/energije-morja.si\/hr\/wp-content\/uploads\/2026\/01\/pexels-marta-wave-6454091-scaled.jpg&#8221; _builder_version=&#8221;4.27.4&#8243; _module_preset=&#8221;default&#8221; title_text=&#8221;1&#8243; hover_enabled=&#8221;0&#8243; sticky_enabled=&#8221;0&#8243;][\/et_pb_image][\/et_pb_column][\/et_pb_row][\/et_pb_section][et_pb_section fb_built=&#8221;1&#8243; _builder_version=&#8221;4.27.4&#8243; _module_preset=&#8221;default&#8221; custom_padding=&#8221;20px|||||&#8221; global_colors_info=&#8221;{}&#8221;][et_pb_row column_structure=&#8221;1_2,1_2&#8243; _builder_version=&#8221;4.27.4&#8243; _module_preset=&#8221;default&#8221; width=&#8221;90%&#8221; max_width=&#8221;2000px&#8221; custom_padding=&#8221;||0px|||&#8221; global_colors_info=&#8221;{}&#8221;][et_pb_column type=&#8221;1_2&#8243; _builder_version=&#8221;4.27.4&#8243; _module_preset=&#8221;default&#8221; global_colors_info=&#8221;{}&#8221;][et_pb_image src=&#8221;https:\/\/energije-morja.si\/hr\/wp-content\/uploads\/2026\/01\/pexels-douglasphotography-2792314.jpg&#8221; _builder_version=&#8221;4.27.4&#8243; _module_preset=&#8221;default&#8221; title_text=&#8221;pexels-douglasphotography-2792314&#8243; hover_enabled=&#8221;0&#8243; sticky_enabled=&#8221;0&#8243;][\/et_pb_image][\/et_pb_column][et_pb_column type=&#8221;1_2&#8243; _builder_version=&#8221;4.27.4&#8243; _module_preset=&#8221;default&#8221; global_colors_info=&#8221;{}&#8221;][et_pb_text _builder_version=&#8221;4.27.4&#8243; text_text_color=&#8221;#2b2b2b&#8221; header_2_font=&#8221;Abel||||||||&#8221; header_2_font_size=&#8221;70px&#8221; header_2_letter_spacing=&#8221;3px&#8221; header_2_line_height=&#8221;1.2em&#8221; text_orientation=&#8221;center&#8221; max_width=&#8221;800px&#8221; custom_margin=&#8221;36px||4px|||&#8221; header_2_font_size_tablet=&#8221;38px&#8221; header_2_font_size_phone=&#8221;26px&#8221; header_2_font_size_last_edited=&#8221;on|tablet&#8221; header_2_letter_spacing_tablet=&#8221;1px&#8221; header_2_letter_spacing_phone=&#8221;0px&#8221; header_2_letter_spacing_last_edited=&#8221;on|desktop&#8221; text_text_align=&#8221;center&#8221; locked=&#8221;off&#8221; global_colors_info=&#8221;{}&#8221;]<\/p>\n<p style=\"text-align: justify;\"><em><strong>\u0160to je Prirodni Doping s Akupunkturom, Akupresurom i<\/strong><\/em><\/p>\n<p style=\"text-align: justify;\"><em><strong>Elektroakupunkturom?<\/strong><\/em><\/p>\n<p style=\"text-align: justify;\">Prirodni doping ovim tehnikama temelji se na stimulaciji specifi\u010dnih to\u010daka na tijelu koje poti\u010du energiju, pobolj\u0161avaju koncentraciju, smanjuju osje\u0107aj umora i ubrzavaju regeneraciju. Sve ove metode potpuno su sigurne, bez \u0161tetnih nuspojava i eti\u010dki prihvatljive \u2013 idealne za sporta\u0161e, profesionalce i sve koji \u017eele posti\u0107i svoj maksimum.<\/p>\n<p style=\"text-align: justify;\"><em><strong>Akupunktura<\/strong><\/em><\/p>\n<p style=\"text-align: justify;\">Upotrebom tankih igala za stimulaciju to\u010daka na tijelu poti\u010de se osloba\u0111anje endorfina, pobolj\u0161ava cirkulacija krvi i aktiviraju se mehanizmi samo izlje\u010denja.<\/p>\n<p style=\"text-align: justify;\"><em><strong>Akupresura<\/strong><\/em><\/p>\n<p style=\"text-align: justify;\">Pritiskanje prstima, dlanovima ili posebnim alatima na specifi\u010dne to\u010dke uravnote\u017euje se energiju (Qi) i pobolj\u0161ava vitalnost bez upotrebe igala.<\/p>\n<p>[\/et_pb_text][\/et_pb_column][\/et_pb_row][et_pb_row _builder_version=&#8221;4.27.4&#8243; _module_preset=&#8221;default&#8221; width=&#8221;90%&#8221; max_width=&#8221;2000px&#8221; custom_padding=&#8221;7px|||||&#8221; global_colors_info=&#8221;{}&#8221;][et_pb_column type=&#8221;4_4&#8243; _builder_version=&#8221;4.27.4&#8243; _module_preset=&#8221;default&#8221; global_colors_info=&#8221;{}&#8221;][et_pb_text _builder_version=&#8221;4.27.4&#8243; text_text_color=&#8221;#2b2b2b&#8221; header_2_font=&#8221;Abel||||||||&#8221; header_2_font_size=&#8221;70px&#8221; header_2_letter_spacing=&#8221;3px&#8221; header_2_line_height=&#8221;1.2em&#8221; text_orientation=&#8221;center&#8221; max_width=&#8221;2000%&#8221; custom_margin=&#8221;-3px|||||&#8221; custom_padding=&#8221;8px|||||&#8221; header_2_font_size_tablet=&#8221;38px&#8221; header_2_font_size_phone=&#8221;26px&#8221; header_2_font_size_last_edited=&#8221;on|tablet&#8221; header_2_letter_spacing_tablet=&#8221;1px&#8221; header_2_letter_spacing_phone=&#8221;0px&#8221; header_2_letter_spacing_last_edited=&#8221;on|desktop&#8221; text_text_align=&#8221;center&#8221; locked=&#8221;off&#8221; global_colors_info=&#8221;{}&#8221;]<\/p>\n<p style=\"text-align: justify;\"><strong><em>\u0107Elektroakupunktura<\/em><\/strong><\/p>\n<p style=\"text-align: justify;\">Napredna tehnika koja kombinira tradicionalnu akupunkturu s niskofrekventnom elektri\u010dnom strujom za intenzivniju stimulaciju to\u010daka posebno je u\u010dinkovita za br\u017ei oporavak i ve\u0107u energiju.<\/p>\n<p style=\"text-align: justify;\"><em><strong>Kako ove tehnike djeluju?<\/strong><\/em><\/p>\n<p style=\"text-align: justify;\">\u2022 Stimulacija energetskih to\u010daka: Uz pomo\u0107 igala, pritiska ili elektri\u010dne struje poti\u010demo osloba\u0111anje endorfina, pobolj\u0161avamo cirkulaciju krvi i aktiviramo mehanizne samo izlje\u010denja<br \/>\u2022 Uravnote\u017eenje energije (Qi): Sve tri metode uravnote\u017euju tok energije u tijelu, \u0161to pove\u0107ava vitalnost i pobolj\u0161ava op\u0107e stanje.<br \/>\u2022 Smanjunju stresa i pove\u010danje fokusa:\u00a0 Smanjuju stres, pobolj\u0161avaju koncentraciju i pove\u0107avaju mentalnu jasno\u0107u, \u0161to je klju\u010dno za optimalno funkcioniranje.<\/p>\n<p style=\"text-align: justify;\"><em><strong>Prednosti prirodnog dopinga<\/strong><\/em><\/p>\n<p style=\"text-align: justify;\">\u2022 Bez \u0161tetnih nuspojava: Sigurna i prirodna alternativa sinteti\u010dkim doping sredstvima.<br \/>\u2022 Cjeloviti pristup: Ne pobolj\u0161avaju samo fizi\u010dku izdr\u017eljivost, ve\u0107 i mentalno i emocionalno blagostanje.<br \/>\u2022 Legalno i eti\u010dki prihvatljivo: Potpuno dopu\u0161teno u sportu i drugim podru\u010djima, bez upotrebe zabranjenih supstanci.<\/p>\n<p style=\"text-align: justify;\"><em><strong>Za koga su ove tehnike prikladne?<\/strong><\/em><\/p>\n<p style=\"text-align: justify;\">\u2022 Sporta\u0161i: Za pove\u0107anje izdr\u017eljivosti, smanjenje mi\u0161i\u0107ne boli i ubrzanje oporavka nakon intenzivnih treninga ili natjecanja.<br \/>\u2022 Profesionalci: Za pobolj\u0161anje koncentracije, smanjenje stresa i pove\u0107anje produktivnosti.<br \/>\u2022 Svi koji \u017eele bolje osje\u0107aj: Za one koji tra\u017ee prirodan na\u010din za pobolj\u0161anje svoje energije i vitalnosti.<\/p>\n<p style=\"text-align: justify;\"><em><strong>Za\u0161to izabrati mene?<\/strong><\/em><\/p>\n<p style=\"text-align: justify;\">Moje iskustvo i duboko znanje o tradicionalnoj kineskoj medicini jam\u010de da ste u dobrim rukama. Svaki termin prilago\u0111avam va\u0161im individualnim potrebama i ciljevima, vjeruju\u0107i da je svaka osoba jedinstvena. Moj pristup je cjelovit \u2013 brinem ne samo za va\u0161e fizi\u010dke simptome, ve\u0107 i za va\u0161e emocionalno i mentalno blagostanje. Za mene je va\u017eno da se osje\u0107ate opu\u0161teno, sigurno i podr\u017eano na svakom koraku.<\/p>\n<p style=\"text-align: justify;\">Sa svojom stra\u0161\u0107u prema prirodnom lije\u010denju i osobnim pristupom poma\u017eem vam da postignete optimalno stanje zdravlja i energije. Bez obzira radi li se o ubla\u017eavanju boli, smanjenju stresa ili pobolj\u0161anju op\u0107eg stanja, mogu vam jam\u010diti da \u0107emo zajedno prona\u0107i najbolji put do va\u0161ih ciljeva.<\/p>\n<p style=\"text-align: justify;\"><em><strong>Rezervirajte svoj termin jo\u0161 danas<\/strong><\/em><\/p>\n<p style=\"text-align: justify;\">Ne \u010dekajte da vas umor i stres sprije\u010de u postizanju va\u0161ih ciljeva. Isprobajte prirodni doping s akupunkturom, akupresurom ili elektroakupunkturom i osjetite razliku.<\/p>\n<p style=\"text-align: justify;\"><a href=\"info@energije-morja.si\">Kontaktirajte<\/a> me jo\u0161 danas i rezervirajte svoj termin. Va\u0161e tijelo i du\u0161a bit \u0107e vam zahvalni.<\/p>\n<p style=\"text-align: justify;\"><strong><em>Prirodno. Sigurno. U\u010dinkovito. Akupunktura, akupresura i elektroakupunktura za va\u0161 maksimum.<\/em><\/strong><\/p>\n<p>[\/et_pb_text][\/et_pb_column][\/et_pb_row][\/et_pb_section]<\/p>\n","protected":false},"excerpt":{"rendered":"<p>PRIRODNI DOPING\u0160to je Prirodni Doping s Akupunkturom, Akupresurom i Elektroakupunkturom? Prirodni doping ovim tehnikama temelji se na stimulaciji specifi\u010dnih to\u010daka na tijelu koje poti\u010du energiju, pobolj\u0161avaju koncentraciju, smanjuju osje\u0107aj umora i ubrzavaju regeneraciju. Sve ove metode potpuno su sigurne, bez \u0161tetnih nuspojava i eti\u010dki prihvatljive \u2013 idealne za sporta\u0161e, profesionalce i sve koji \u017eele posti\u0107i [&hellip;]<\/p>\n","protected":false},"author":1,"featured_media":0,"parent":0,"menu_order":0,"comment_status":"closed","ping_status":"closed","template":"","meta":{"_et_pb_use_builder":"on","_et_pb_old_content":"","_et_gb_content_width":"","footnotes":""},"class_list":["post-280","page","type-page","status-publish","hentry"],"_links":{"self":[{"href":"https:\/\/energije-morja.si\/hr\/wp-json\/wp\/v2\/pages\/280","targetHints":{"allow":["GET"]}}],"collection":[{"href":"https:\/\/energije-morja.si\/hr\/wp-json\/wp\/v2\/pages"}],"about":[{"href":"https:\/\/energije-morja.si\/hr\/wp-json\/wp\/v2\/types\/page"}],"author":[{"embeddable":true,"href":"https:\/\/energije-morja.si\/hr\/wp-json\/wp\/v2\/users\/1"}],"replies":[{"embeddable":true,"href":"https:\/\/energije-morja.si\/hr\/wp-json\/wp\/v2\/comments?post=280"}],"version-history":[{"count":8,"href":"https:\/\/energije-morja.si\/hr\/wp-json\/wp\/v2\/pages\/280\/revisions"}],"predecessor-version":[{"id":995,"href":"https:\/\/energije-morja.si\/hr\/wp-json\/wp\/v2\/pages\/280\/revisions\/995"}],"wp:attachment":[{"href":"https:\/\/energije-morja.si\/hr\/wp-json\/wp\/v2\/media?parent=280"}],"curies":[{"name":"wp","href":"https:\/\/api.w.org\/{rel}","templated":true}]}}