{"id":116,"date":"2025-01-02T20:38:19","date_gmt":"2025-01-02T20:38:19","guid":{"rendered":"https:\/\/energije-morja.si\/it\/?page_id=116"},"modified":"2025-05-08T08:24:25","modified_gmt":"2025-05-08T08:24:25","slug":"riflessologia","status":"publish","type":"page","link":"https:\/\/energije-morja.si\/it\/riflessologia\/","title":{"rendered":"Riflessologia"},"content":{"rendered":"<p>[et_pb_section fb_built=&#8221;1&#8243; admin_label=&#8221;Header&#8221; _builder_version=&#8221;4.16&#8243; background_image=&#8221;https:\/\/energije-morja.si\/it\/wp-content\/uploads\/2025\/01\/massage-20.jpg&#8221; background_size=&#8221;contain&#8221; custom_padding=&#8221;86px||0px|||&#8221; locked=&#8221;off&#8221; global_colors_info=&#8221;{}&#8221;][et_pb_row column_structure=&#8221;1_2,1_2&#8243; _builder_version=&#8221;4.27.4&#8243; width=&#8221;90%&#8221; max_width=&#8221;2000px&#8221; custom_padding=&#8221;||0px||false|false&#8221; global_colors_info=&#8221;{}&#8221;][et_pb_column type=&#8221;1_2&#8243; _builder_version=&#8221;4.16&#8243; custom_padding=&#8221;||30px||false|false&#8221; global_colors_info=&#8221;{}&#8221;][et_pb_text _builder_version=&#8221;4.27.4&#8243; header_font=&#8221;|||on|||||&#8221; header_text_color=&#8221;#8F5F25&#8243; header_font_size=&#8221;60px&#8221; header_line_height=&#8221;1.1em&#8221; custom_margin=&#8221;38px|||||&#8221; header_font_tablet=&#8221;Muli|600|||||||&#8221; header_font_phone=&#8221;&#8221; header_font_last_edited=&#8221;on|desktop&#8221; header_font_size_tablet=&#8221;44px&#8221; header_font_size_phone=&#8221;34px&#8221; header_font_size_last_edited=&#8221;on|phone&#8221; header_letter_spacing_tablet=&#8221;2px&#8221; header_letter_spacing_phone=&#8221;0px&#8221; header_letter_spacing_last_edited=&#8221;on|desktop&#8221; header_text_shadow_style=&#8221;preset3&#8243; header_text_shadow_color=&#8221;#ffffff&#8221; locked=&#8221;off&#8221; global_colors_info=&#8221;{}&#8221;]<\/p>\n<h1>Riflessologia<\/h1>\n<p>[\/et_pb_text][et_pb_button button_url=&#8221;https:\/\/energije-morja.si\/it\/kontakt\/&#8221; button_text=&#8221;Mettiamoci in contatto&#8221; _builder_version=&#8221;4.27.4&#8243; custom_button=&#8221;on&#8221; button_text_size=&#8221;17px&#8221; button_text_color=&#8221;#000000&#8243; button_bg_color=&#8221;#8F5F25&#8243; button_bg_color_gradient_direction=&#8221;160deg&#8221; button_border_width=&#8221;3px&#8221; button_border_color=&#8221;#8f5f25&#8243; button_border_radius=&#8221;0px&#8221; button_letter_spacing=&#8221;0px&#8221; button_font=&#8221;|700||on|||||&#8221; button_use_icon=&#8221;off&#8221; custom_padding=&#8221;14px|24px|14px|24px|true|true&#8221; box_shadow_vertical_last_edited=&#8221;off|desktop&#8221; locked=&#8221;off&#8221; global_colors_info=&#8221;{}&#8221; box_shadow_color__hover=&#8221;#2585b2&#8243; box_shadow_blur__hover_enabled=&#8221;on&#8221; box_shadow_blur__hover=&#8221;40px&#8221; box_shadow_vertical__hover_enabled=&#8221;on&#8221; box_shadow_vertical__hover=&#8221;20px&#8221;][\/et_pb_button][\/et_pb_column][et_pb_column type=&#8221;1_2&#8243; _builder_version=&#8221;4.16&#8243; global_colors_info=&#8221;{}&#8221;][et_pb_image src=&#8221;https:\/\/energije-morja.si\/it\/wp-content\/uploads\/2025\/03\/Refleksoterapija-Erik-Bolta-naslovna.png&#8221; alt=&#8221;Refleksoterapija Erik Bolta naslovna&#8221; title_text=&#8221;Refleksoterapija Erik Bolta naslovna&#8221; _builder_version=&#8221;4.27.4&#8243; max_width_tablet=&#8221;200px&#8221; max_width_phone=&#8221;&#8221; max_width_last_edited=&#8221;on|desktop&#8221; custom_margin=&#8221;-5vw|-10vw|||false|false&#8221; custom_margin_tablet=&#8221;0vw|||0vw|false|false&#8221; custom_margin_phone=&#8221;&#8221; custom_margin_last_edited=&#8221;on|desktop&#8221; global_colors_info=&#8221;{}&#8221;][\/et_pb_image][\/et_pb_column][\/et_pb_row][\/et_pb_section][et_pb_section fb_built=&#8221;1&#8243; _builder_version=&#8221;4.27.4&#8243; _module_preset=&#8221;default&#8221; custom_padding=&#8221;20px|||||&#8221; global_colors_info=&#8221;{}&#8221;][et_pb_row column_structure=&#8221;1_2,1_2&#8243; _builder_version=&#8221;4.27.4&#8243; _module_preset=&#8221;default&#8221; width=&#8221;90%&#8221; max_width=&#8221;2000px&#8221; custom_padding=&#8221;||12px|||&#8221; global_colors_info=&#8221;{}&#8221;][et_pb_column type=&#8221;1_2&#8243; _builder_version=&#8221;4.27.4&#8243; _module_preset=&#8221;default&#8221; global_colors_info=&#8221;{}&#8221;][et_pb_image src=&#8221;https:\/\/energije-morja.si\/it\/wp-content\/uploads\/2025\/03\/Refleksoterapija-Erik-Bolta-.png&#8221; alt=&#8221;Refleksoterapija Erik Bolta&#8221; title_text=&#8221;Refleksoterapija Erik Bolta&#8221; align=&#8221;center&#8221; _builder_version=&#8221;4.27.4&#8243; _module_preset=&#8221;default&#8221; global_colors_info=&#8221;{}&#8221;][\/et_pb_image][\/et_pb_column][et_pb_column type=&#8221;1_2&#8243; _builder_version=&#8221;4.27.4&#8243; _module_preset=&#8221;default&#8221; global_colors_info=&#8221;{}&#8221;][et_pb_text _builder_version=&#8221;4.27.4&#8243; text_text_color=&#8221;#2b2b2b&#8221; header_2_font=&#8221;Abel||||||||&#8221; header_2_font_size=&#8221;70px&#8221; header_2_letter_spacing=&#8221;3px&#8221; header_2_line_height=&#8221;1.2em&#8221; text_orientation=&#8221;center&#8221; max_width=&#8221;800px&#8221; custom_margin=&#8221;11px|||||&#8221; hover_enabled=&#8221;0&#8243; header_2_font_size_tablet=&#8221;38px&#8221; header_2_font_size_phone=&#8221;26px&#8221; header_2_font_size_last_edited=&#8221;on|tablet&#8221; header_2_letter_spacing_tablet=&#8221;1px&#8221; header_2_letter_spacing_phone=&#8221;0px&#8221; header_2_letter_spacing_last_edited=&#8221;on|desktop&#8221; text_text_align=&#8221;center&#8221; locked=&#8221;off&#8221; global_colors_info=&#8221;{}&#8221; sticky_enabled=&#8221;0&#8243;]<\/p>\n<p style=\"text-align: justify;\"><em><strong>Riflessologia<\/strong><\/em><\/p>\n<p style=\"text-align: justify;\">La riflessologia \u00e8 una tecnica terapeutica che, attraverso pressioni applicate su specifiche zone dei piedi o delle mani, rilassa e armonizza l\u2019intero organismo, migliorando la salute e il benessere generale.<\/p>\n<p style=\"text-align: justify;\">Il piede \u00e8 collegato all\u2019intero corpo su diversi livelli. \u00c8 ricoperto da pi\u00f9 recettori rispetto ad altre parti del corpo, a testimonianza del suo ruolo particolare come microsistema (connessione e interazione tra le parti e l\u2019organismo nella sua totalit\u00e0). Questi recettori possono essere stimolati da vari impulsi, trasmessi dalle fibre nervose al midollo spinale, dove si collegano a specifici segmenti, o direttamente al cervello.<\/p>\n<p style=\"text-align: justify;\">I recettori autonomi e le fibre nervose della pelle e dei tessuti del piede rispondono agli stimoli manuali e di altro tipo, collegandosi alle sinapsi pregangliari e postgangliari. Le fasce (strutture connettive) che attraversano tutto il corpo comunicano costantemente tra loro: questo scambio di informazioni pu\u00f2 essere facilitato da diverse terapie, inclusa la riflessologia.<\/p>\n<p style=\"text-align: justify;\">In origine, ogni singola cellula contiene il potenziale per lo sviluppo dell\u2019intera persona. Ogni cellula agisce come organo di percezione e portatore di informazioni. Le zone riflesse si suddividono in microsistemi, che interagiscono con il macrosistema, ovvero l\u2019organismo nella sua interezza.<\/p>\n<p>[\/et_pb_text][\/et_pb_column][\/et_pb_row][et_pb_row _builder_version=&#8221;4.27.4&#8243; _module_preset=&#8221;default&#8221; width=&#8221;90%&#8221; max_width=&#8221;2000px&#8221; custom_padding=&#8221;7px|||||&#8221; global_colors_info=&#8221;{}&#8221;][et_pb_column type=&#8221;4_4&#8243; _builder_version=&#8221;4.27.4&#8243; _module_preset=&#8221;default&#8221; global_colors_info=&#8221;{}&#8221;][et_pb_text _builder_version=&#8221;4.27.4&#8243; text_text_color=&#8221;#2b2b2b&#8221; header_2_font=&#8221;Abel||||||||&#8221; header_2_font_size=&#8221;70px&#8221; header_2_letter_spacing=&#8221;3px&#8221; header_2_line_height=&#8221;1.2em&#8221; text_orientation=&#8221;center&#8221; max_width=&#8221;2000%&#8221; custom_margin=&#8221;-3px|||||&#8221; hover_enabled=&#8221;0&#8243; header_2_font_size_tablet=&#8221;38px&#8221; header_2_font_size_phone=&#8221;26px&#8221; header_2_font_size_last_edited=&#8221;on|tablet&#8221; header_2_letter_spacing_tablet=&#8221;1px&#8221; header_2_letter_spacing_phone=&#8221;0px&#8221; header_2_letter_spacing_last_edited=&#8221;on|desktop&#8221; text_text_align=&#8221;center&#8221; locked=&#8221;off&#8221; global_colors_info=&#8221;{}&#8221; sticky_enabled=&#8221;0&#8243;]<\/p>\n<p style=\"text-align: justify;\">Queste piccole &#8220;immagini riflettenti&#8221;, che comunicano con il macrosistema e funzionano come una rete di circuiti di controllo, sono chiamate microsistemi. Studi recenti hanno confermato l\u2019esistenza di una risonanza tra il macrosistema e il microsistema, che pu\u00f2 essere attivata attraverso terapie mirate.<\/p>\n<p style=\"text-align: justify;\">La riflessologia rientra tra le metodologie complementari che considerano l\u2019individuo nella sua globalit\u00e0, ma rispettando sempre i limiti delle sue capacit\u00e0 rigenerative. Non combatte n\u00e9 i sintomi , ma stimola la capacit\u00e0 di autoguarigione del paziente e il suo &#8220;medico interiore&#8221;. La riflessologia plantare, quale metodo manuale, offre un importante contatto curativo.<\/p>\n<p style=\"text-align: justify;\"><em>(Hanne Marquardt: Riflessologia plantare)<\/em><\/p>\n<p style=\"text-align: justify;\"><em><strong>Benefici della riflessologia<\/strong><\/em><\/p>\n<p style=\"text-align: justify;\">\u2022 Attiva i meccanismi di difesa interni e rimuove gli ostacoli alla generazione di energia di autoguarigione.<br \/>\u2022 Libera i blocchi energetici causati da sovraccarichi dell\u2019organismo.<br \/>\u2022 Aiuta a sciogliere emozioni represse e traumi dell\u2019infanzia.<br \/>\u2022 Stimola il flusso dei liquidi corporei, favorendo la detossinazione.<br \/>\u2022 Ripristina l\u2019equilibrio funzionale degli organi.<br \/>\u2022 Migliora la circolazione sanguigna e l\u2019apporto di sangue agli organi e alle cellule.<br \/>\u2022 Favorisce il flusso linfatico.<br \/>\u2022 Rinforza il sistema immunitario.<br \/>\u2022 Migliora il funzionamento degli organi e dei sistemi organici del corpo.<br \/>\u2022 Allevia o elimina il dolore.<br \/>\u2022 Riduce gli effetti dello stress.<br \/>\u2022 Incrementa la concentrazione.<br \/>\u2022 Migliora lo stato di salute generale.<\/p>\n<p>[\/et_pb_text][\/et_pb_column][\/et_pb_row][\/et_pb_section]<\/p>\n","protected":false},"excerpt":{"rendered":"<p>RiflessologiaRiflessologia La riflessologia \u00e8 una tecnica terapeutica che, attraverso pressioni applicate su specifiche zone dei piedi o delle mani, rilassa e armonizza l\u2019intero organismo, migliorando la salute e il benessere generale. Il piede \u00e8 collegato all\u2019intero corpo su diversi livelli. \u00c8 ricoperto da pi\u00f9 recettori rispetto ad altre parti del corpo, a testimonianza del suo [&hellip;]<\/p>\n","protected":false},"author":1,"featured_media":117,"parent":0,"menu_order":0,"comment_status":"closed","ping_status":"closed","template":"","meta":{"_et_pb_use_builder":"on","_et_pb_old_content":"","_et_gb_content_width":"","footnotes":""},"class_list":["post-116","page","type-page","status-publish","has-post-thumbnail","hentry"],"_links":{"self":[{"href":"https:\/\/energije-morja.si\/it\/wp-json\/wp\/v2\/pages\/116","targetHints":{"allow":["GET"]}}],"collection":[{"href":"https:\/\/energije-morja.si\/it\/wp-json\/wp\/v2\/pages"}],"about":[{"href":"https:\/\/energije-morja.si\/it\/wp-json\/wp\/v2\/types\/page"}],"author":[{"embeddable":true,"href":"https:\/\/energije-morja.si\/it\/wp-json\/wp\/v2\/users\/1"}],"replies":[{"embeddable":true,"href":"https:\/\/energije-morja.si\/it\/wp-json\/wp\/v2\/comments?post=116"}],"version-history":[{"count":10,"href":"https:\/\/energije-morja.si\/it\/wp-json\/wp\/v2\/pages\/116\/revisions"}],"predecessor-version":[{"id":944,"href":"https:\/\/energije-morja.si\/it\/wp-json\/wp\/v2\/pages\/116\/revisions\/944"}],"wp:featuredmedia":[{"embeddable":true,"href":"https:\/\/energije-morja.si\/it\/wp-json\/"}],"wp:attachment":[{"href":"https:\/\/energije-morja.si\/it\/wp-json\/wp\/v2\/media?parent=116"}],"curies":[{"name":"wp","href":"https:\/\/api.w.org\/{rel}","templated":true}]}}