{"id":131,"date":"2025-01-02T21:35:18","date_gmt":"2025-01-02T21:35:18","guid":{"rendered":"https:\/\/energije-morja.si\/it\/?page_id=131"},"modified":"2025-05-08T08:51:05","modified_gmt":"2025-05-08T08:51:05","slug":"moxa","status":"publish","type":"page","link":"https:\/\/energije-morja.si\/it\/moxa\/","title":{"rendered":"Moxa"},"content":{"rendered":"<p>[et_pb_section fb_built=&#8221;1&#8243; admin_label=&#8221;Header&#8221; _builder_version=&#8221;4.16&#8243; background_image=&#8221;https:\/\/energije-morja.si\/it\/wp-content\/uploads\/2025\/01\/massage-20.jpg&#8221; background_size=&#8221;contain&#8221; custom_padding=&#8221;66px||0px|||&#8221; locked=&#8221;off&#8221; global_colors_info=&#8221;{}&#8221;][et_pb_row column_structure=&#8221;1_2,1_2&#8243; _builder_version=&#8221;4.27.4&#8243; custom_padding=&#8221;||0px||false|false&#8221; global_colors_info=&#8221;{}&#8221;][et_pb_column type=&#8221;1_2&#8243; _builder_version=&#8221;4.16&#8243; custom_padding=&#8221;||30px||false|false&#8221; global_colors_info=&#8221;{}&#8221;][et_pb_text _builder_version=&#8221;4.27.4&#8243; header_font=&#8221;|||on|||||&#8221; header_text_color=&#8221;#8F5F25&#8243; header_font_size=&#8221;70px&#8221; header_line_height=&#8221;1.1em&#8221; custom_margin=&#8221;38px|||||&#8221; header_font_tablet=&#8221;Muli|600|||||||&#8221; header_font_phone=&#8221;&#8221; header_font_last_edited=&#8221;on|desktop&#8221; header_font_size_tablet=&#8221;44px&#8221; header_font_size_phone=&#8221;34px&#8221; header_font_size_last_edited=&#8221;on|phone&#8221; header_letter_spacing_tablet=&#8221;2px&#8221; header_letter_spacing_phone=&#8221;0px&#8221; header_letter_spacing_last_edited=&#8221;on|desktop&#8221; header_text_shadow_style=&#8221;preset3&#8243; header_text_shadow_color=&#8221;#ffffff&#8221; locked=&#8221;off&#8221; global_colors_info=&#8221;{}&#8221;]<\/p>\n<h1>Moxa<\/h1>\n<p>[\/et_pb_text][et_pb_button button_url=&#8221;https:\/\/energije-morja.si\/it\/kontakt\/&#8221; button_text=&#8221;Mettiamoci in contatto&#8221; _builder_version=&#8221;4.27.4&#8243; custom_button=&#8221;on&#8221; button_text_size=&#8221;17px&#8221; button_text_color=&#8221;#000000&#8243; button_bg_color=&#8221;#8F5F25&#8243; button_bg_color_gradient_direction=&#8221;160deg&#8221; button_border_width=&#8221;3px&#8221; button_border_color=&#8221;#8f5f25&#8243; button_border_radius=&#8221;0px&#8221; button_letter_spacing=&#8221;0px&#8221; button_font=&#8221;|700||on|||||&#8221; button_use_icon=&#8221;off&#8221; custom_padding=&#8221;14px|24px|14px|24px|true|true&#8221; box_shadow_vertical_last_edited=&#8221;off|desktop&#8221; locked=&#8221;off&#8221; global_colors_info=&#8221;{}&#8221; box_shadow_color__hover=&#8221;#2585b2&#8243; box_shadow_blur__hover_enabled=&#8221;on&#8221; box_shadow_blur__hover=&#8221;40px&#8221; box_shadow_vertical__hover_enabled=&#8221;on&#8221; box_shadow_vertical__hover=&#8221;20px&#8221;][\/et_pb_button][\/et_pb_column][et_pb_column type=&#8221;1_2&#8243; _builder_version=&#8221;4.16&#8243; global_colors_info=&#8221;{}&#8221;][et_pb_image src=&#8221;https:\/\/energije-morja.si\/it\/wp-content\/uploads\/2025\/03\/Moxa-Erik-Bolta-.png&#8221; alt=&#8221;Kitajska masa\u017ea Erik Bolta&#8221; title_text=&#8221;Moxa Erik Bolta&#8221; _builder_version=&#8221;4.27.4&#8243; max_width_tablet=&#8221;200px&#8221; max_width_phone=&#8221;&#8221; max_width_last_edited=&#8221;on|desktop&#8221; custom_margin=&#8221;-5vw|-10vw|||false|false&#8221; custom_margin_tablet=&#8221;0vw|||0vw|false|false&#8221; custom_margin_phone=&#8221;&#8221; custom_margin_last_edited=&#8221;on|desktop&#8221; global_colors_info=&#8221;{}&#8221;][\/et_pb_image][\/et_pb_column][\/et_pb_row][\/et_pb_section][et_pb_section fb_built=&#8221;1&#8243; _builder_version=&#8221;4.27.4&#8243; _module_preset=&#8221;default&#8221; custom_padding=&#8221;20px|||||&#8221; global_colors_info=&#8221;{}&#8221;][et_pb_row column_structure=&#8221;1_2,1_2&#8243; _builder_version=&#8221;4.27.4&#8243; _module_preset=&#8221;default&#8221; width=&#8221;90%&#8221; max_width=&#8221;2000px&#8221; custom_padding=&#8221;||0px|||&#8221; global_colors_info=&#8221;{}&#8221;][et_pb_column type=&#8221;1_2&#8243; _builder_version=&#8221;4.27.4&#8243; _module_preset=&#8221;default&#8221; global_colors_info=&#8221;{}&#8221;][et_pb_image src=&#8221;https:\/\/energije-morja.si\/it\/wp-content\/uploads\/2025\/03\/Moxa-Erik-Bolta-1.png&#8221; alt=&#8221;Moxa Erik Bolta&#8221; title_text=&#8221;Moxa Erik Bolta (1)&#8221; align=&#8221;center&#8221; _builder_version=&#8221;4.27.4&#8243; _module_preset=&#8221;default&#8221; custom_margin=&#8221;-2px|||||&#8221; global_colors_info=&#8221;{}&#8221;][\/et_pb_image][\/et_pb_column][et_pb_column type=&#8221;1_2&#8243; _builder_version=&#8221;4.27.4&#8243; _module_preset=&#8221;default&#8221; global_colors_info=&#8221;{}&#8221;][et_pb_text _builder_version=&#8221;4.27.4&#8243; text_text_color=&#8221;#2b2b2b&#8221; header_2_font=&#8221;Abel||||||||&#8221; header_2_font_size=&#8221;70px&#8221; header_2_letter_spacing=&#8221;3px&#8221; header_2_line_height=&#8221;1.2em&#8221; text_orientation=&#8221;center&#8221; max_width=&#8221;800px&#8221; custom_margin=&#8221;20px|||||&#8221; hover_enabled=&#8221;0&#8243; header_2_font_size_tablet=&#8221;38px&#8221; header_2_font_size_phone=&#8221;26px&#8221; header_2_font_size_last_edited=&#8221;on|tablet&#8221; header_2_letter_spacing_tablet=&#8221;1px&#8221; header_2_letter_spacing_phone=&#8221;0px&#8221; header_2_letter_spacing_last_edited=&#8221;on|desktop&#8221; text_text_align=&#8221;center&#8221; locked=&#8221;off&#8221; global_colors_info=&#8221;{}&#8221; sticky_enabled=&#8221;0&#8243;]<\/p>\n<p style=\"text-align: justify;\"><em><strong>**Moxa \u2013 Calore per la salute e l&#8217;equilibrio**<\/strong><\/em><\/p>\n<p style=\"text-align: justify;\">La moxa, conosciuta anche come moxibustione, \u00e8 un&#8217;antica tecnica terapeutica della medicina tradizionale cinese (MTC). Riscaldando specifici punti di agopuntura sul corpo, la moxa stimola il flusso di energia (qi), migliora la circolazione e rafforza le difese naturali del corpo. Questa pratica \u00e8 apprezzata per i suoi effetti riscaldanti, rilassanti e curativi.<\/p>\n<p style=\"text-align: justify;\"><em><strong>**Come funziona la moxa?**<\/strong><\/em><\/p>\n<p style=\"text-align: justify;\">La moxa impiega l&#8217;erba essiccata di *Artemisia vulgaris* (artemisia), che viene bruciata lentamente sotto forma di coni, bastoncini o applicata sugli aghi di agopuntura. Il calore generato penetra in profondit\u00e0 nel corpo, contribuendo a:<\/p>\n<p style=\"text-align: justify;\">&#8211; Stimolare la circolazione sanguigna e il flusso energetico,<br \/>&#8211; Rafforzare il sistema immunitario,<br \/>&#8211; Alleviare i dolori muscolari e articolari,<br \/>&#8211; Migliorare la digestione e favorire la disintossicazione,<br \/>&#8211; Aumentare la vitalit\u00e0 e migliorare il benessere generale.<\/p>\n<p>[\/et_pb_text][\/et_pb_column][\/et_pb_row][et_pb_row _builder_version=&#8221;4.27.4&#8243; _module_preset=&#8221;default&#8221; width=&#8221;90%&#8221; max_width=&#8221;2000px&#8221; custom_padding=&#8221;7px|||||&#8221; global_colors_info=&#8221;{}&#8221;][et_pb_column type=&#8221;4_4&#8243; _builder_version=&#8221;4.27.4&#8243; _module_preset=&#8221;default&#8221; global_colors_info=&#8221;{}&#8221;][et_pb_text _builder_version=&#8221;4.27.4&#8243; text_text_color=&#8221;#2b2b2b&#8221; header_2_font=&#8221;Abel||||||||&#8221; header_2_font_size=&#8221;70px&#8221; header_2_letter_spacing=&#8221;3px&#8221; header_2_line_height=&#8221;1.2em&#8221; text_orientation=&#8221;center&#8221; max_width=&#8221;2000%&#8221; custom_margin=&#8221;-3px|||||&#8221; hover_enabled=&#8221;0&#8243; header_2_font_size_tablet=&#8221;38px&#8221; header_2_font_size_phone=&#8221;26px&#8221; header_2_font_size_last_edited=&#8221;on|tablet&#8221; header_2_letter_spacing_tablet=&#8221;1px&#8221; header_2_letter_spacing_phone=&#8221;0px&#8221; header_2_letter_spacing_last_edited=&#8221;on|desktop&#8221; text_text_align=&#8221;center&#8221; locked=&#8221;off&#8221; global_colors_info=&#8221;{}&#8221; sticky_enabled=&#8221;0&#8243;]<\/p>\n<p style=\"text-align: justify;\"><em><strong>**Quando \u00e8 utile la moxa?**<\/strong><\/em><\/p>\n<p style=\"text-align: justify;\"><em><strong>La moxa \u00e8 particolarmente efficace in caso di:<\/strong><\/em><\/p>\n<p style=\"text-align: justify;\">&#8211; Dolori cronici (mal di schiena, cervicalgia, dolori articolari),<br \/>&#8211; Problemi digestivi, gonfior, mani e piedi freddi,<br \/>&#8211; Sistema immunitario indebolito o sensazione di stanchezza generale,<br \/>&#8211; Difficolt\u00e0 riproduttive e dolori mestruali,<br \/>&#8211; Prevenzione delle malattie, poich\u00e9 rafforza il corpo e migliora l&#8217;equilibrio.<\/p>\n<p style=\"text-align: justify;\"><em><strong>** Come si svolge la terapia**<\/strong><\/em><\/p>\n<p style=\"text-align: justify;\">La terapia con moxa \u00e8 piacevole e rilassante. La moxibustione viene eseguita applicando calore su specifici punti di agopuntura. Il calore penetra in profondit\u00e0 nei tessuti, innescando processi di guarigione e ristabilendo l&#8217;armonia corporea.<\/p>\n<p style=\"text-align: justify;\"><em><strong>**Perch\u00e9 scegliere la moxa?**<\/strong><\/em><\/p>\n<p style=\"text-align: justify;\">La moxa \u00e8 un metodo naturale, delicato ed efficace, fondato su millenni di esperienza della MTC. \u00c8 indicata per chi desidera migliorare la salute, rilassarsi e aumentare la vitalit\u00e0.<\/p>\n<p style=\"text-align: justify;\"><em><strong>**Scopri il calore e l&#8217;armonia**<\/strong><\/em><\/p>\n<p style=\"text-align: justify;\">Affidatevi al benefico calore della moxa e scoprite come questa antica terapia pu\u00f2 migliorare la vostra salute e la qualit\u00e0 della vita.<\/p>\n<p style=\"text-align: justify;\"><em><strong>**Prenotate il tuo appuntamento oggi**<\/strong> <\/em>e prendetevi cura della vostra salute in modo naturale e rilassante!<\/p>\n<p>[\/et_pb_text][\/et_pb_column][\/et_pb_row][\/et_pb_section]<\/p>\n","protected":false},"excerpt":{"rendered":"<p>Moxa**Moxa \u2013 Calore per la salute e l&#8217;equilibrio** La moxa, conosciuta anche come moxibustione, \u00e8 un&#8217;antica tecnica terapeutica della medicina tradizionale cinese (MTC). Riscaldando specifici punti di agopuntura sul corpo, la moxa stimola il flusso di energia (qi), migliora la circolazione e rafforza le difese naturali del corpo. Questa pratica \u00e8 apprezzata per i suoi [&hellip;]<\/p>\n","protected":false},"author":1,"featured_media":0,"parent":0,"menu_order":0,"comment_status":"closed","ping_status":"closed","template":"","meta":{"_et_pb_use_builder":"on","_et_pb_old_content":"","_et_gb_content_width":"","footnotes":""},"class_list":["post-131","page","type-page","status-publish","hentry"],"_links":{"self":[{"href":"https:\/\/energije-morja.si\/it\/wp-json\/wp\/v2\/pages\/131","targetHints":{"allow":["GET"]}}],"collection":[{"href":"https:\/\/energije-morja.si\/it\/wp-json\/wp\/v2\/pages"}],"about":[{"href":"https:\/\/energije-morja.si\/it\/wp-json\/wp\/v2\/types\/page"}],"author":[{"embeddable":true,"href":"https:\/\/energije-morja.si\/it\/wp-json\/wp\/v2\/users\/1"}],"replies":[{"embeddable":true,"href":"https:\/\/energije-morja.si\/it\/wp-json\/wp\/v2\/comments?post=131"}],"version-history":[{"count":9,"href":"https:\/\/energije-morja.si\/it\/wp-json\/wp\/v2\/pages\/131\/revisions"}],"predecessor-version":[{"id":948,"href":"https:\/\/energije-morja.si\/it\/wp-json\/wp\/v2\/pages\/131\/revisions\/948"}],"wp:attachment":[{"href":"https:\/\/energije-morja.si\/it\/wp-json\/wp\/v2\/media?parent=131"}],"curies":[{"name":"wp","href":"https:\/\/api.w.org\/{rel}","templated":true}]}}