{"id":204,"date":"2025-01-06T17:44:49","date_gmt":"2025-01-06T17:44:49","guid":{"rendered":"https:\/\/energije-morja.si\/it\/?page_id=204"},"modified":"2025-01-06T17:49:13","modified_gmt":"2025-01-06T17:49:13","slug":"cenik","status":"publish","type":"page","link":"https:\/\/energije-morja.si\/it\/cenik\/","title":{"rendered":"Cenik"},"content":{"rendered":"<p>[et_pb_section fb_built=&#8221;1&#8243; theme_builder_area=&#8221;post_content&#8221; _builder_version=&#8221;4.27.4&#8243; _module_preset=&#8221;default&#8221;][et_pb_row _builder_version=&#8221;4.27.4&#8243; _module_preset=&#8221;default&#8221; theme_builder_area=&#8221;post_content&#8221;][et_pb_column _builder_version=&#8221;4.27.4&#8243; _module_preset=&#8221;default&#8221; type=&#8221;4_4&#8243; theme_builder_area=&#8221;post_content&#8221;][et_pb_text _builder_version=&#8221;4.27.4&#8243; _module_preset=&#8221;default&#8221; theme_builder_area=&#8221;post_content&#8221; header_font_size=&#8221;50px&#8221; header_text_color=&#8221;#8F5F25&#8243; header_font=&#8221;|||on|||||&#8221; hover_enabled=&#8221;0&#8243; sticky_enabled=&#8221;0&#8243;]<\/p>\n<h1 style=\"text-align: center;\">Cenik storitev<\/h1>\n<p>&nbsp;<\/p>\n<p><em><strong>Iridiologija in sklerologija<\/strong><\/em><\/p>\n<p>\u2022 Cena: 100 \u20ac<\/p>\n<p>Po slikanju o\u010di vas najkasneje v roku treh delovnih dni kontaktiram in vam predstavim ugotovitve. Skupaj nato poi\u0161\u010demo klju\u010dne morebitne te\u017eave ter re\u0161itve za njihovo izbolj\u0161anje.<\/p>\n<p>\u2022 Cena: 100 \u20ac<\/p>\n<p><em><strong>Reiki terapije<\/strong><\/em><\/p>\n<p>\u2022 45 minut: 40 \u20ac<br \/>\u2022 1,5 ure: 70 \u20ac<\/p>\n<p><em><strong>Radiestezija<\/strong><\/em><\/p>\n<p>\u2022 Iskanje energijskih motenj in posvet: 50 \u20ac<\/p>\n<p><em><strong>Energijsko \u010di\u0161\u010denje prostorov<\/strong><\/em><\/p>\n<p>\u2022 Do 30 m\u00b2: 80 \u20ac<br \/>\u2022 30\u201380 m\u00b2: 100 \u20ac<br \/>\u2022 80\u2013100 m\u00b2: 120 \u20ac<br \/>\u2022 120\u2013200 m\u00b2: 180 \u20ac<br \/>\u2022 Nad 200 m\u00b2: 250 \u20ac<\/p>\n<p>Pri \u010di\u0161\u010denju prostorov izven obalne regije se dodatno obra\u010duna kilometrina: 0,43 \u20ac\/km<\/p>\n<p><em><strong>Masa\u017ee<\/strong><\/em><\/p>\n<p>\u2022 30 minut: 30 \u20ac<br \/>\u2022 45 minut: 40 \u20ac<\/p>\n<p><em><strong>Refleksoterapija<\/strong><\/em><\/p>\n<p>\u2022 45 minut: 40 \u20ac<\/p>\n<p><em><strong>Ventuze (terapija s ventuzami)<\/strong><\/em><\/p>\n<p>\u2022 10 minut: 20 \u20ac<\/p>\n<p><em><strong>Moksibustija (zdravljenje z moxami)<\/strong><\/em><\/p>\n<p>\u2022 10 minut: 20 \u20ac<\/p>\n<p><em><strong>Sprostitev z glasbenimi vilicami<\/strong><\/em><\/p>\n<p>\u2022 45 minut: 50 \u20ac<\/p>\n<p><em><strong>Paket za bolj\u0161e po\u010dutje<\/strong><\/em><\/p>\n<p>\u2022 10 obiskov: 300 \u20ac<\/p>\n<p><em><strong>Za ve\u010d informacij in rezervacije se obrnite na nas. <\/strong><\/em><\/p>\n<p><em><strong>Veselimo se va\u0161ega obiska!<\/strong><\/em><\/p>\n<p>[\/et_pb_text][\/et_pb_column][\/et_pb_row][\/et_pb_section]<\/p>\n","protected":false},"excerpt":{"rendered":"<p>Cenik storitev &nbsp; Iridiologija in sklerologija \u2022 Cena: 100 \u20ac Po slikanju o\u010di vas najkasneje v roku treh delovnih dni kontaktiram in vam predstavim ugotovitve. Skupaj nato poi\u0161\u010demo klju\u010dne morebitne te\u017eave ter re\u0161itve za njihovo izbolj\u0161anje. \u2022 Cena: 100 \u20ac Reiki terapije \u2022 45 minut: 40 \u20ac\u2022 1,5 ure: 70 \u20ac Radiestezija \u2022 Iskanje energijskih [&hellip;]<\/p>\n","protected":false},"author":1,"featured_media":0,"parent":0,"menu_order":0,"comment_status":"closed","ping_status":"closed","template":"","meta":{"_et_pb_use_builder":"on","_et_pb_old_content":"","_et_gb_content_width":"","footnotes":""},"class_list":["post-204","page","type-page","status-publish","hentry"],"_links":{"self":[{"href":"https:\/\/energije-morja.si\/it\/wp-json\/wp\/v2\/pages\/204","targetHints":{"allow":["GET"]}}],"collection":[{"href":"https:\/\/energije-morja.si\/it\/wp-json\/wp\/v2\/pages"}],"about":[{"href":"https:\/\/energije-morja.si\/it\/wp-json\/wp\/v2\/types\/page"}],"author":[{"embeddable":true,"href":"https:\/\/energije-morja.si\/it\/wp-json\/wp\/v2\/users\/1"}],"replies":[{"embeddable":true,"href":"https:\/\/energije-morja.si\/it\/wp-json\/wp\/v2\/comments?post=204"}],"version-history":[{"count":3,"href":"https:\/\/energije-morja.si\/it\/wp-json\/wp\/v2\/pages\/204\/revisions"}],"predecessor-version":[{"id":208,"href":"https:\/\/energije-morja.si\/it\/wp-json\/wp\/v2\/pages\/204\/revisions\/208"}],"wp:attachment":[{"href":"https:\/\/energije-morja.si\/it\/wp-json\/wp\/v2\/media?parent=204"}],"curies":[{"name":"wp","href":"https:\/\/api.w.org\/{rel}","templated":true}]}}