{"id":70,"date":"2025-01-02T19:04:26","date_gmt":"2025-01-02T19:04:26","guid":{"rendered":"https:\/\/energije-morja.si\/it\/?page_id=70"},"modified":"2025-05-13T07:55:32","modified_gmt":"2025-05-13T07:55:32","slug":"iridologia","status":"publish","type":"page","link":"https:\/\/energije-morja.si\/it\/iridologia\/","title":{"rendered":"Iridologia"},"content":{"rendered":"<p>[et_pb_section fb_built=&#8221;1&#8243; admin_label=&#8221;Header&#8221; _builder_version=&#8221;4.16&#8243; background_image=&#8221;https:\/\/energije-morja.si\/it\/wp-content\/uploads\/2025\/01\/massage-20.jpg&#8221; background_size=&#8221;contain&#8221; custom_padding=&#8221;||0px|||&#8221; locked=&#8221;off&#8221; global_colors_info=&#8221;{}&#8221;][et_pb_row column_structure=&#8221;1_2,1_2&#8243; _builder_version=&#8221;4.27.4&#8243; custom_padding=&#8221;||0px||false|false&#8221; global_colors_info=&#8221;{}&#8221;][et_pb_column type=&#8221;1_2&#8243; _builder_version=&#8221;4.16&#8243; custom_padding=&#8221;||30px||false|false&#8221; global_colors_info=&#8221;{}&#8221;][et_pb_text _builder_version=&#8221;4.27.4&#8243; header_font=&#8221;|||on|||||&#8221; header_text_color=&#8221;#8F5F25&#8243; header_font_size=&#8221;70px&#8221; header_line_height=&#8221;1.1em&#8221; custom_margin=&#8221;38px|||||&#8221; header_font_tablet=&#8221;Muli|600|||||||&#8221; header_font_phone=&#8221;&#8221; header_font_last_edited=&#8221;on|desktop&#8221; header_font_size_tablet=&#8221;44px&#8221; header_font_size_phone=&#8221;34px&#8221; header_font_size_last_edited=&#8221;on|phone&#8221; header_letter_spacing_tablet=&#8221;2px&#8221; header_letter_spacing_phone=&#8221;0px&#8221; header_letter_spacing_last_edited=&#8221;on|desktop&#8221; header_text_shadow_style=&#8221;preset3&#8243; header_text_shadow_color=&#8221;#ffffff&#8221; locked=&#8221;off&#8221; global_colors_info=&#8221;{}&#8221;]<\/p>\n<h1>Iridologia<\/h1>\n<p>[\/et_pb_text][et_pb_button button_url=&#8221;https:\/\/energije-morja.si\/it\/kontakt\/&#8221; button_text=&#8221;Mettiamoci in contatto&#8221; _builder_version=&#8221;4.27.4&#8243; custom_button=&#8221;on&#8221; button_text_size=&#8221;17px&#8221; button_text_color=&#8221;#000000&#8243; button_bg_color=&#8221;#8F5F25&#8243; button_bg_color_gradient_direction=&#8221;160deg&#8221; button_border_width=&#8221;3px&#8221; button_border_color=&#8221;#8f5f25&#8243; button_border_radius=&#8221;0px&#8221; button_letter_spacing=&#8221;0px&#8221; button_font=&#8221;|700||on|||||&#8221; button_use_icon=&#8221;off&#8221; custom_padding=&#8221;14px|24px|14px|24px|true|true&#8221; box_shadow_vertical_last_edited=&#8221;off|desktop&#8221; locked=&#8221;off&#8221; global_colors_info=&#8221;{}&#8221; box_shadow_color__hover=&#8221;#2585b2&#8243; box_shadow_blur__hover_enabled=&#8221;on&#8221; box_shadow_blur__hover=&#8221;40px&#8221; box_shadow_vertical__hover_enabled=&#8221;on&#8221; box_shadow_vertical__hover=&#8221;20px&#8221;][\/et_pb_button][\/et_pb_column][et_pb_column type=&#8221;1_2&#8243; _builder_version=&#8221;4.16&#8243; global_colors_info=&#8221;{}&#8221;][et_pb_image src=&#8221;https:\/\/energije-morja.si\/it\/wp-content\/uploads\/2025\/03\/Iridologija-Erik-Bolta-naslovna.png&#8221; alt=&#8221;Reiki Erik Bolta naslovna&#8221; title_text=&#8221;Iridologija-Erik-Bolta-naslovna&#8221; _builder_version=&#8221;4.27.4&#8243; max_width_tablet=&#8221;200px&#8221; max_width_phone=&#8221;&#8221; max_width_last_edited=&#8221;on|desktop&#8221; custom_margin=&#8221;-5vw|-10vw|||false|false&#8221; custom_margin_tablet=&#8221;0vw|||0vw|false|false&#8221; custom_margin_phone=&#8221;&#8221; custom_margin_last_edited=&#8221;on|desktop&#8221; global_colors_info=&#8221;{}&#8221;][\/et_pb_image][\/et_pb_column][\/et_pb_row][\/et_pb_section][et_pb_section fb_built=&#8221;1&#8243; _builder_version=&#8221;4.27.4&#8243; _module_preset=&#8221;default&#8221; global_colors_info=&#8221;{}&#8221;][et_pb_row column_structure=&#8221;1_2,1_2&#8243; _builder_version=&#8221;4.27.4&#8243; _module_preset=&#8221;default&#8221; width=&#8221;90%&#8221; max_width=&#8221;2000px&#8221; custom_padding=&#8221;||20px|||&#8221; global_colors_info=&#8221;{}&#8221;][et_pb_column type=&#8221;1_2&#8243; _builder_version=&#8221;4.27.4&#8243; _module_preset=&#8221;default&#8221; global_colors_info=&#8221;{}&#8221;][et_pb_image src=&#8221;https:\/\/energije-morja.si\/it\/wp-content\/uploads\/2025\/03\/Iridologija-Erik-Bolta.png&#8221; alt=&#8221;Iridologija-Erik-Bolta&#8221; title_text=&#8221;Iridologija-Erik-Bolta&#8221; _builder_version=&#8221;4.27.4&#8243; _module_preset=&#8221;default&#8221; global_colors_info=&#8221;{}&#8221;][\/et_pb_image][\/et_pb_column][et_pb_column type=&#8221;1_2&#8243; _builder_version=&#8221;4.27.4&#8243; _module_preset=&#8221;default&#8221; global_colors_info=&#8221;{}&#8221;][et_pb_text _builder_version=&#8221;4.27.4&#8243; text_text_color=&#8221;#2b2b2b&#8221; header_2_font=&#8221;Abel||||||||&#8221; header_2_font_size=&#8221;70px&#8221; header_2_letter_spacing=&#8221;3px&#8221; header_2_line_height=&#8221;1.2em&#8221; text_orientation=&#8221;center&#8221; max_width=&#8221;800px&#8221; custom_margin=&#8221;29px|||||&#8221; hover_enabled=&#8221;0&#8243; header_2_font_size_tablet=&#8221;38px&#8221; header_2_font_size_phone=&#8221;26px&#8221; header_2_font_size_last_edited=&#8221;on|tablet&#8221; header_2_letter_spacing_tablet=&#8221;1px&#8221; header_2_letter_spacing_phone=&#8221;0px&#8221; header_2_letter_spacing_last_edited=&#8221;on|desktop&#8221; text_text_align=&#8221;center&#8221; locked=&#8221;off&#8221; global_colors_info=&#8221;{}&#8221; sticky_enabled=&#8221;0&#8243;]<\/p>\n<p style=\"text-align: justify;\"><strong>Iridologia \u2013 Scopri la storia della tua salute attraverso gli occhi<\/strong><\/p>\n<p style=\"text-align: justify;\">L&#8217;iridologia \u00e8 un&#8217;antica tecnica di analisi che osserva l&#8217;iride dell&#8217;occhio per rivelare lo stato di salute fisica e mentale. I vostri occhi sono una mappa unica, capace di fornire informazioni sul corpo, sulla genetica e sui modelli di vita. L&#8217;iridologia offre una visione approfondita del vostro benessere e aiuta a individuare eventuali squilibri prima che si trasformino in problemi pi\u00f9 seri.<\/p>\n<p style=\"text-align: justify;\"><strong>Cos&#8217;\u00e8 l&#8217;iridologia?<\/strong><\/p>\n<p style=\"text-align: justify;\">L&#8217;iridologia si basa sullo studio dei colori, dei modelli e delle strutture dell&#8217;iride e della sclera. Ogni parte dell&#8217;iride \u00e8 collegata a una specifica parte del corpo, consentendo di identificare potenziali problemi:<\/p>\n<p style=\"text-align: justify;\">&#8211; Predisposizioni genetiche,<br \/>&#8211; Organi o sistemi indeboliti,<br \/>&#8211; Presenza di tossine e squilibri,<br \/>&#8211; Mancanza di energia o vitalit\u00e0,<br \/>&#8211; Possibili disturbi prima della comparsa dei sintomi.<\/p>\n<p>[\/et_pb_text][\/et_pb_column][\/et_pb_row][et_pb_row _builder_version=&#8221;4.27.4&#8243; _module_preset=&#8221;default&#8221; width=&#8221;90%&#8221; max_width=&#8221;2000px&#8221; custom_padding=&#8221;0px|||||&#8221; global_colors_info=&#8221;{}&#8221;][et_pb_column type=&#8221;4_4&#8243; _builder_version=&#8221;4.27.4&#8243; _module_preset=&#8221;default&#8221; global_colors_info=&#8221;{}&#8221;][et_pb_text _builder_version=&#8221;4.27.4&#8243; text_text_color=&#8221;#2b2b2b&#8221; header_2_font=&#8221;Abel||||||||&#8221; header_2_font_size=&#8221;70px&#8221; header_2_letter_spacing=&#8221;3px&#8221; header_2_line_height=&#8221;1.2em&#8221; text_orientation=&#8221;center&#8221; max_width=&#8221;2000%&#8221; custom_margin=&#8221;-3px|||||&#8221; hover_enabled=&#8221;0&#8243; header_2_font_size_tablet=&#8221;38px&#8221; header_2_font_size_phone=&#8221;26px&#8221; header_2_font_size_last_edited=&#8221;on|tablet&#8221; header_2_letter_spacing_tablet=&#8221;1px&#8221; header_2_letter_spacing_phone=&#8221;0px&#8221; header_2_letter_spacing_last_edited=&#8221;on|desktop&#8221; text_text_align=&#8221;center&#8221; locked=&#8221;off&#8221; global_colors_info=&#8221;{}&#8221; sticky_enabled=&#8221;0&#8243;]<\/p>\n<p style=\"text-align: justify;\"><strong>Come si svolge l&#8217;analisi?<\/strong><\/p>\n<p style=\"text-align: justify;\">L&#8217;iridologo esamina i vostri occhi utilizzando una lente speciale o una fotocamera. A seguito di un&#8217;analisi dettagliata, vengono identificati modelli e connessioni che forniscono un quadro completo dello stato della vostra salute. L&#8217;analisi \u00e8 non invasiva, indolore e dura circa 30-60 minuti.<\/p>\n<p style=\"text-align: justify;\"><strong>Vantaggi dell&#8217;iridologia<\/strong><\/p>\n<p style=\"text-align: justify;\">&#8211; Approccio preventivo: Individuare squilibri in fase precoce aiuta a prevenire lo sviluppo di disturbi pi\u00f9 gravi.<br \/>&#8211; Soluzioni personalizzate: Sulla base dei risultati, riceverete consigli su alimentazione, stile di vita e supporto naturale per il corpo.<br \/>&#8211; Visione olistica: L&#8217;iridologia non ha effetto curativo, ma rivela informazioni che integrano altri metodi diagnostici e terapeutici.<br \/>&#8211; Supporto per migliorare la salute: Aiuta a comprendere i punti deboli del corpo e a rafforzarli.<\/p>\n<p style=\"text-align: justify;\"><strong>A chi \u00e8 rivolta l&#8217;iridologia?<\/strong><\/p>\n<p style=\"text-align: justify;\"><strong>L&#8217;iridologia \u00e8 indicata per chi:<\/strong><\/p>\n<p style=\"text-align: justify;\">&#8211; Vuole conoscere meglio il proprio corpo e la propria salute,<br \/>&#8211; \u00c8 interessato a metodi di prevenzione,<br \/>&#8211; Cerca soluzioni naturali per migliorare il proprio benessere,<br \/>&#8211; Ha bisogno di indicazioni per uno stile di vita equilibrato. Scoprite la chiave del vostro benessere<\/p>\n<p style=\"text-align: justify;\">I vostri occhi sono lo specchio della vostra salute. Affidatevi alla saggezza dell&#8217;iridologia e scoprite come migliorare il vostro benessere e garantire una vitalit\u00e0 a lungo termine.<br \/>Prenotate il vostro appuntamento oggi stesso e intraprendete il percorso verso una maggiore consapevolezza del vostro corpo!<\/p>\n<p style=\"text-align: justify;\"><strong>Avvertenza importante:<\/strong><\/p>\n<p style=\"text-align: justify;\">L&#8217;iridologia non formula diagnosi mediche, ma analizza o valuta predisposizioni e caratteristiche ereditarie. Sebbene molte persone riportino benefici, \u00e8 essenziale ricordare che l&#8217;iridologia **non sostituisce la diagnosi o il trattamento medico**. In presenza di sintomi gravi o problemi di salute, \u00e8 sempre consigliabile rivolgersi a un medico qualificato. L&#8217;iridologia pu\u00f2 rappresentare un utile complemento, ma non pu\u00f2 sostituire le pratiche mediche basate sull\u2019evidenza scientifica.<\/p>\n<p>[\/et_pb_text][\/et_pb_column][\/et_pb_row][et_pb_row _builder_version=&#8221;4.27.4&#8243; _module_preset=&#8221;default&#8221; global_colors_info=&#8221;{}&#8221;][et_pb_column type=&#8221;4_4&#8243; _builder_version=&#8221;4.27.4&#8243; _module_preset=&#8221;default&#8221; global_colors_info=&#8221;{}&#8221;][et_pb_text _builder_version=&#8221;4.27.4&#8243; _module_preset=&#8221;default&#8221; header_text_color=&#8221;#8F5F25&#8243; custom_margin=&#8221;||-4px|||&#8221; global_colors_info=&#8221;{}&#8221;]<\/p>\n<h1 style=\"text-align: center;\">CERTIFIKAT<\/h1>\n<p>[\/et_pb_text][et_pb_image src=&#8221;https:\/\/energije-morja.si\/it\/wp-content\/uploads\/2025\/03\/CCI3.May_.2024-2026.png&#8221; title_text=&#8221;CCI3.May.2024-2026&#8243; url=&#8221;https:\/\/www.iridologyassn.org\/iridologist&#8221; align=&#8221;center&#8221; _builder_version=&#8221;4.27.4&#8243; _module_preset=&#8221;default&#8221; custom_padding=&#8221;0px|||||&#8221; global_colors_info=&#8221;{}&#8221;][\/et_pb_image][\/et_pb_column][\/et_pb_row][\/et_pb_section]<\/p>\n","protected":false},"excerpt":{"rendered":"<p>IridologiaIridologia \u2013 Scopri la storia della tua salute attraverso gli occhi L&#8217;iridologia \u00e8 un&#8217;antica tecnica di analisi che osserva l&#8217;iride dell&#8217;occhio per rivelare lo stato di salute fisica e mentale. I vostri occhi sono una mappa unica, capace di fornire informazioni sul corpo, sulla genetica e sui modelli di vita. L&#8217;iridologia offre una visione approfondita [&hellip;]<\/p>\n","protected":false},"author":1,"featured_media":0,"parent":0,"menu_order":0,"comment_status":"closed","ping_status":"closed","template":"","meta":{"_et_pb_use_builder":"on","_et_pb_old_content":"","_et_gb_content_width":"","footnotes":""},"class_list":["post-70","page","type-page","status-publish","hentry"],"_links":{"self":[{"href":"https:\/\/energije-morja.si\/it\/wp-json\/wp\/v2\/pages\/70","targetHints":{"allow":["GET"]}}],"collection":[{"href":"https:\/\/energije-morja.si\/it\/wp-json\/wp\/v2\/pages"}],"about":[{"href":"https:\/\/energije-morja.si\/it\/wp-json\/wp\/v2\/types\/page"}],"author":[{"embeddable":true,"href":"https:\/\/energije-morja.si\/it\/wp-json\/wp\/v2\/users\/1"}],"replies":[{"embeddable":true,"href":"https:\/\/energije-morja.si\/it\/wp-json\/wp\/v2\/comments?post=70"}],"version-history":[{"count":17,"href":"https:\/\/energije-morja.si\/it\/wp-json\/wp\/v2\/pages\/70\/revisions"}],"predecessor-version":[{"id":968,"href":"https:\/\/energije-morja.si\/it\/wp-json\/wp\/v2\/pages\/70\/revisions\/968"}],"wp:attachment":[{"href":"https:\/\/energije-morja.si\/it\/wp-json\/wp\/v2\/media?parent=70"}],"curies":[{"name":"wp","href":"https:\/\/api.w.org\/{rel}","templated":true}]}}