{"id":716,"date":"2025-03-03T16:00:32","date_gmt":"2025-03-03T16:00:32","guid":{"rendered":"https:\/\/energije-morja.si\/it\/?page_id=716"},"modified":"2025-05-12T14:05:31","modified_gmt":"2025-05-12T14:05:31","slug":"elettroagopuntura","status":"publish","type":"page","link":"https:\/\/energije-morja.si\/it\/elettroagopuntura\/","title":{"rendered":"Elettroagopuntura"},"content":{"rendered":"<p>[et_pb_section fb_built=&#8221;1&#8243; admin_label=&#8221;Header&#8221; _builder_version=&#8221;4.16&#8243; background_image=&#8221;https:\/\/energije-morja.si\/it\/wp-content\/uploads\/2025\/01\/massage-20.jpg&#8221; background_size=&#8221;contain&#8221; custom_padding=&#8221;14px||0px|||&#8221; locked=&#8221;off&#8221; global_colors_info=&#8221;{}&#8221;][et_pb_row column_structure=&#8221;1_2,1_2&#8243; _builder_version=&#8221;4.27.4&#8243; custom_padding=&#8221;||0px||false|false&#8221; global_colors_info=&#8221;{}&#8221;][et_pb_column type=&#8221;1_2&#8243; _builder_version=&#8221;4.16&#8243; custom_padding=&#8221;||30px||false|false&#8221; global_colors_info=&#8221;{}&#8221;][et_pb_text _builder_version=&#8221;4.27.4&#8243; header_font=&#8221;|||on|||||&#8221; header_text_color=&#8221;#8F5F25&#8243; header_font_size=&#8221;40px&#8221; header_line_height=&#8221;1.1em&#8221; custom_margin=&#8221;38px|||||&#8221; hover_enabled=&#8221;0&#8243; header_font_tablet=&#8221;Muli|600|||||||&#8221; header_font_phone=&#8221;&#8221; header_font_last_edited=&#8221;on|desktop&#8221; header_font_size_tablet=&#8221;44px&#8221; header_font_size_phone=&#8221;34px&#8221; header_font_size_last_edited=&#8221;on|phone&#8221; header_letter_spacing_tablet=&#8221;2px&#8221; header_letter_spacing_phone=&#8221;0px&#8221; header_letter_spacing_last_edited=&#8221;on|desktop&#8221; header_text_shadow_style=&#8221;preset3&#8243; header_text_shadow_color=&#8221;#ffffff&#8221; locked=&#8221;off&#8221; global_colors_info=&#8221;{}&#8221; sticky_enabled=&#8221;0&#8243;]<\/p>\n<h1>Elettroagopuntura<\/h1>\n<p>[\/et_pb_text][et_pb_button button_url=&#8221;https:\/\/energije-morja.si\/it\/kontakt\/&#8221; button_text=&#8221;Mettiamoci in contatto&#8221; _builder_version=&#8221;4.27.4&#8243; custom_button=&#8221;on&#8221; button_text_size=&#8221;17px&#8221; button_text_color=&#8221;#000000&#8243; button_bg_color=&#8221;#8F5F25&#8243; button_bg_color_gradient_direction=&#8221;160deg&#8221; button_border_width=&#8221;3px&#8221; button_border_color=&#8221;#8f5f25&#8243; button_border_radius=&#8221;0px&#8221; button_letter_spacing=&#8221;0px&#8221; button_font=&#8221;|700||on|||||&#8221; button_use_icon=&#8221;off&#8221; custom_padding=&#8221;14px|24px|14px|24px|true|true&#8221; box_shadow_vertical_last_edited=&#8221;off|desktop&#8221; locked=&#8221;off&#8221; global_colors_info=&#8221;{}&#8221; box_shadow_color__hover=&#8221;#2585b2&#8243; box_shadow_blur__hover_enabled=&#8221;on&#8221; box_shadow_blur__hover=&#8221;40px&#8221; box_shadow_vertical__hover_enabled=&#8221;on&#8221; box_shadow_vertical__hover=&#8221;20px&#8221;][\/et_pb_button][\/et_pb_column][et_pb_column type=&#8221;1_2&#8243; _builder_version=&#8221;4.16&#8243; global_colors_info=&#8221;{}&#8221;][et_pb_image src=&#8221;https:\/\/energije-morja.si\/it\/wp-content\/uploads\/2025\/03\/Elektroakupunktura-energije-morja-1.png&#8221; alt=&#8221;Aurikuloterapija Erik Bolta&#8221; title_text=&#8221;Elektroakupunktura energije morja (1)&#8221; _builder_version=&#8221;4.27.4&#8243; max_width_tablet=&#8221;200px&#8221; max_width_phone=&#8221;&#8221; max_width_last_edited=&#8221;on|desktop&#8221; min_height=&#8221;17px&#8221; custom_margin=&#8221;-1vw|-10vw|||false|false&#8221; custom_margin_tablet=&#8221;0vw|||0vw|false|false&#8221; custom_margin_phone=&#8221;&#8221; custom_margin_last_edited=&#8221;on|desktop&#8221; custom_padding=&#8221;16px|||||&#8221; global_colors_info=&#8221;{}&#8221;][\/et_pb_image][\/et_pb_column][\/et_pb_row][\/et_pb_section][et_pb_section fb_built=&#8221;1&#8243; _builder_version=&#8221;4.27.4&#8243; _module_preset=&#8221;default&#8221; custom_padding=&#8221;20px|||||&#8221; global_colors_info=&#8221;{}&#8221;][et_pb_row column_structure=&#8221;1_2,1_2&#8243; _builder_version=&#8221;4.27.4&#8243; _module_preset=&#8221;default&#8221; width=&#8221;90%&#8221; max_width=&#8221;2000px&#8221; custom_padding=&#8221;||0px|||&#8221; global_colors_info=&#8221;{}&#8221;][et_pb_column type=&#8221;1_2&#8243; _builder_version=&#8221;4.27.4&#8243; _module_preset=&#8221;default&#8221; global_colors_info=&#8221;{}&#8221;][et_pb_image src=&#8221;https:\/\/energije-morja.si\/it\/wp-content\/uploads\/2025\/03\/Elektroakupunktura-energije-morja.png&#8221; alt=&#8221;Elektroakupunktura energije morja&#8221; title_text=&#8221;Elektroakupunktura energije morja&#8221; align=&#8221;center&#8221; _builder_version=&#8221;4.27.4&#8243; _module_preset=&#8221;default&#8221; custom_margin=&#8221;-2px|||||&#8221; global_colors_info=&#8221;{}&#8221;][\/et_pb_image][\/et_pb_column][et_pb_column type=&#8221;1_2&#8243; _builder_version=&#8221;4.27.4&#8243; _module_preset=&#8221;default&#8221; global_colors_info=&#8221;{}&#8221;][et_pb_text _builder_version=&#8221;4.27.4&#8243; text_text_color=&#8221;#2b2b2b&#8221; header_2_font=&#8221;Abel||||||||&#8221; header_2_font_size=&#8221;70px&#8221; header_2_letter_spacing=&#8221;3px&#8221; header_2_line_height=&#8221;1.2em&#8221; text_orientation=&#8221;center&#8221; max_width=&#8221;800px&#8221; custom_margin=&#8221;60px||4px|||&#8221; hover_enabled=&#8221;0&#8243; header_2_font_size_tablet=&#8221;38px&#8221; header_2_font_size_phone=&#8221;26px&#8221; header_2_font_size_last_edited=&#8221;on|tablet&#8221; header_2_letter_spacing_tablet=&#8221;1px&#8221; header_2_letter_spacing_phone=&#8221;0px&#8221; header_2_letter_spacing_last_edited=&#8221;on|desktop&#8221; text_text_align=&#8221;center&#8221; locked=&#8221;off&#8221; global_colors_info=&#8221;{}&#8221; sticky_enabled=&#8221;0&#8243;]<\/p>\n<p style=\"text-align: justify;\"><strong>Elettroagopuntura \u2013 Un metodo moderno della medicina tradizionale cinese<\/strong><\/p>\n<p style=\"text-align: justify;\">L\u2019elettroagopuntura \u00e8 una versione avanzata dell\u2019agopuntura classica, che unisce la saggezza millenaria della medicina tradizionale cinese con le pi\u00f9 moderne tecnologie. Questo metodo impiega impulsi elettrici a bassa frequenza, trasmessi attraverso elettrodi applicati ai punti di agopuntura del corpo. L\u2019obiettivo \u00e8 stimolare il flusso di energia vitale (Qi) e migliorare il funzionamento del sistema nervoso, muscolare e circolatorio.<\/p>\n<p style=\"text-align: justify;\"><strong>Come funziona l\u2019elettroagopuntura?<\/strong><\/p>\n<p style=\"text-align: justify;\">Durante la seduta, gli elettrodi vengono collegati ai punti di agopuntura sul corpo. Questi elettrodi trasmettono impulsi elettrici delicati, la cui intensit\u00e0 e frequenza vengono personalizzate in base alle condizioni del paziente e agli obiettivi terapeutici. Grazie alla stimolazione pi\u00f9 intensa dei punti di agopuntura, l\u2019elettroagopuntura pu\u00f2 offrire risultati pi\u00f9 rapidi e duraturi rispetto all&#8217;agopuntura classica.<\/p>\n<p>[\/et_pb_text][\/et_pb_column][\/et_pb_row][et_pb_row _builder_version=&#8221;4.27.4&#8243; _module_preset=&#8221;default&#8221; width=&#8221;90%&#8221; max_width=&#8221;2000px&#8221; custom_padding=&#8221;7px|||||&#8221; global_colors_info=&#8221;{}&#8221;][et_pb_column type=&#8221;4_4&#8243; _builder_version=&#8221;4.27.4&#8243; _module_preset=&#8221;default&#8221; global_colors_info=&#8221;{}&#8221;][et_pb_text _builder_version=&#8221;4.27.4&#8243; text_text_color=&#8221;#2b2b2b&#8221; header_2_font=&#8221;Abel||||||||&#8221; header_2_font_size=&#8221;70px&#8221; header_2_letter_spacing=&#8221;3px&#8221; header_2_line_height=&#8221;1.2em&#8221; text_orientation=&#8221;center&#8221; max_width=&#8221;2000%&#8221; custom_margin=&#8221;-3px|||||&#8221; custom_padding=&#8221;8px|||||&#8221; hover_enabled=&#8221;0&#8243; header_2_font_size_tablet=&#8221;38px&#8221; header_2_font_size_phone=&#8221;26px&#8221; header_2_font_size_last_edited=&#8221;on|tablet&#8221; header_2_letter_spacing_tablet=&#8221;1px&#8221; header_2_letter_spacing_phone=&#8221;0px&#8221; header_2_letter_spacing_last_edited=&#8221;on|desktop&#8221; text_text_align=&#8221;center&#8221; locked=&#8221;off&#8221; global_colors_info=&#8221;{}&#8221; sticky_enabled=&#8221;0&#8243;]<\/p>\n<p style=\"text-align: justify;\"><strong>Vantaggi dell\u2019elettroagopuntura<\/strong><\/p>\n<p style=\"text-align: justify;\">\u2022 Riduzione del dolore \u2013Efficace nel trattamento di dolori cronici e acuti, come mal di schiena, dolori articolari e muscolari.<br \/>\u2022 Miglioramento della circolazione \u2013 Stimola la circolazione, favorendo una guarigione pi\u00f9 rapida dei tessuti.<br \/>\u2022 Supporto alla riabilitazione \u2013 Aiuta nel recupero dopo infortuni, interventi chirurgici o in presenza di disturbi neurologici.<br \/>\u2022 Riduzione di stress e tensione \u2013 Promuove il rilassamento, migliora la qualit\u00e0 del sonno e riduce ansia.<br \/>\u2022 Supporto per malattie croniche \u2013 Pu\u00f2 alleviare i sintomi legati a emicranie, artrite, disturbi digestivi e altro ancora.<br \/>\u2022 Stimolazione pi\u00f9 intensa e costante \u2013 Gli impulsi elettrici permettono una stimolazione precisa e costante dei punti di agopuntura. Questo \u00e8 particolarmente utile nel trattamento del dolore cronico o di condizioni di salute complesse che richiedono una terapia pi\u00f9 intensa.<br \/>\u2022 Controllo preciso dei parametri \u2013 Il dispositivo elettrico consente la regolazione precisa di:<br \/>\u2022 Frequenza (bassa o alta, a seconda degli effetti desiderati),<br \/>\u2022 Intensit\u00e0 (forza dell&#8217;impulso elettrico),<br \/>\u2022 Durata della stimolazione.<\/p>\n<p style=\"text-align: justify;\"><strong>Questo permette un trattamento su misura, altamente personalizzato.<\/strong><\/p>\n<p style=\"text-align: justify;\">\u2022 Efficacia nel ridurre il dolore \u2013 L&#8217;elettroagopuntura \u00e8 particolarmente efficace nel trattamento del dolore, poich\u00e9 gli impulsi elettrici stimolano il rilascio di endorfine (sostanze naturali antidolorifiche) e bloccano la trasmissione dei segnali di dolore al cervello. Gli studi hanno dimostrato che il metodo \u00e8 indicato per:<br \/>\u2022 Dolore cronico (es. artrite, fibromialgia),<br \/>\u2022 Dolore acuto (es. lesioni, dolore post-operatorio),<br \/>\u2022 Emicrania e mal di testa.<br \/>\u2022 Accelerazione della guarigione e della rigenerazione\u2013 La stimolazione elettrica pu\u00f2 migliorare la circolazione sanguigna e promuovere la rigenerazione cellulare. \u00c8 utile in caso di:<br \/>\u2022 Lesioni muscolari e articolari,<br \/>\u2022 Riabilitazione post-operatoria,<br \/>\u2022 Trattamento di ferite e infiammazioni.<br \/>\u2022 Benefici nei disturbi neurologici \u2013 L&#8217;elettroagopuntura pu\u00f2 essere efficace nel trattamento di disturbi neurologici come:<br \/>\u2022 Neuropatie (danni ai nervi),<br \/>\u2022 Paralisi o debolezza muscolare,<br \/>\u2022 Morbo di Parkinson o altri disturbi motori.<br \/>\u2022 Minore dipendenza dall&#8217;abilit\u00e0 manuale del terapeuta \u2013 Mentre l&#8217;agopuntura tradizionale richiede un alto livello di abilit\u00e0 manuale del terapeuta per la corretta manipolazione degli aghi, l&#8217;elettroagopuntura permette un approccio pi\u00f9 standardizzato. Questo riduce la variabilit\u00e0 dei risultati e garantisce maggiore coerenza nei risultati.<br \/>\u2022 Effetti terapeutici pi\u00f9 rapidi \u2013 La stimolazione elettrica pu\u00f2 accelerare le risposte fisiologiche del corpo, portando a risultati pi\u00f9 rapidi rispetto all&#8217;agopuntura tradizionale.<\/p>\n<p style=\"text-align: justify;\"><strong>Questo \u00e8 particolarmente indicato ai pazienti che necessitano di sollievo immediato dai sintomi.<\/strong><\/p>\n<p style=\"text-align: justify;\">\u2022 Base scientifica \u2013 L&#8217;elettroagopuntura \u00e8 oggetto di numerosi studi scientifici che ne confermano l&#8217;efficacia. Ad esempio:<br \/>\u2022 La stimolazione elettrica dei punti di agopuntura pu\u00f2 indurre il rilascio di neurotrasmettitori (come endorfine e serotonina), che aiutano a ridurre il dolore e migliorare l&#8217;umore.<br \/>\u2022 Gli studi hanno dimostrato che l&#8217;elettroagopuntura pu\u00f2 ridurre le infiammazioni e stimolare la risposta immunitaria.<br \/>\u2022 Meno invasiva e pi\u00f9 confortevole \u2013 Nonostante l&#8217;uso di impulsi elettrici, l\u2019elettroagopuntura rimane un metodo relativamente non invasivo. Molti pazienti trovano la stimolazione elettrica pi\u00f9 confortevole rispetto alla manipolazione manuale degli aghi nell&#8217;agopuntura tradizionale.<br \/>\u2022 Versatilit\u00e0 \u2013 L\u2019elettroagopuntura pu\u00f2 essere impiegata per trattare numerosiproblemi di salute, tra cui:<br \/>\u2022 Dolori alla schiena, al collo e alle articolazioni,<br \/>\u2022 Stress, ansia e depressione,<br \/>\u2022 Disturbi digestivi,<br \/>\u2022 Squilibri ormonali,<br \/>\u2022 Miglioramento della salute generale e aumento dell&#8217;energia.<\/p>\n<p style=\"text-align: justify;\"><strong>L\u2019elettroagopuntura \u00e8 sicura?<\/strong><\/p>\n<p style=\"text-align: justify;\">S\u00ec. Si tratta di una terapia sicura e indolore. Durante la procedura, gli impulsi elettrici sono regolati in modo da evitare qualsiasi disagio. Tuttavia, la terapia non \u00e8 indicata per persone con pacemaker, donne in gravidanza o chi soffre di determinate malattie neurologiche. In questi casi, si consiglia una consultazione medica preventiva.<\/p>\n<p style=\"text-align: justify;\"><strong>Perch\u00e9 scegliere l\u2019elettroagopuntura?<\/strong><\/p>\n<p style=\"text-align: justify;\">L\u2019elettroagopuntura \u00e8 una scelta eccellente per chi cerca un approccio naturale ed efficace per alleviare il dolore, migliorare il benessere generale e supportare percorsi di cura integrativa. Se desiderate provare l\u2019elettroagopuntura e sperimentarne i benefici sul vostro corpo, vi invitiamo a prenotare una seduta con il nostro terapeuta specializzato.<br \/>Per maggiori informazioni o per fissare un appuntamento, contattateci telefonicamente o via e-mail. La vostra salute \u00e8 la nostra priorit\u00e0!<\/p>\n<p style=\"text-align: justify;\"><strong>Conclusione<\/strong><\/p>\n<p style=\"text-align: justify;\">La stimolazione elettrica dei punti di agopuntura offre numerosi vantaggi, rendendola un&#8217;opzione interessante per chi desidera un trattamento alternativo o complementare. Tuttavia, prima di iniziare, \u00e8 consigliabile consultare un professionista sanitario qualificato per assicurarsi che il trattamento sia adatto alle vostre esigenze e condizioni di salute.<\/p>\n<p>[\/et_pb_text][\/et_pb_column][\/et_pb_row][\/et_pb_section]<\/p>\n","protected":false},"excerpt":{"rendered":"<p>ElettroagopunturaElettroagopuntura \u2013 Un metodo moderno della medicina tradizionale cinese L\u2019elettroagopuntura \u00e8 una versione avanzata dell\u2019agopuntura classica, che unisce la saggezza millenaria della medicina tradizionale cinese con le pi\u00f9 moderne tecnologie. Questo metodo impiega impulsi elettrici a bassa frequenza, trasmessi attraverso elettrodi applicati ai punti di agopuntura del corpo. L\u2019obiettivo \u00e8 stimolare il flusso di energia [&hellip;]<\/p>\n","protected":false},"author":1,"featured_media":0,"parent":0,"menu_order":0,"comment_status":"closed","ping_status":"closed","template":"","meta":{"_et_pb_use_builder":"on","_et_pb_old_content":"","_et_gb_content_width":"","footnotes":""},"class_list":["post-716","page","type-page","status-publish","hentry"],"_links":{"self":[{"href":"https:\/\/energije-morja.si\/it\/wp-json\/wp\/v2\/pages\/716","targetHints":{"allow":["GET"]}}],"collection":[{"href":"https:\/\/energije-morja.si\/it\/wp-json\/wp\/v2\/pages"}],"about":[{"href":"https:\/\/energije-morja.si\/it\/wp-json\/wp\/v2\/types\/page"}],"author":[{"embeddable":true,"href":"https:\/\/energije-morja.si\/it\/wp-json\/wp\/v2\/users\/1"}],"replies":[{"embeddable":true,"href":"https:\/\/energije-morja.si\/it\/wp-json\/wp\/v2\/comments?post=716"}],"version-history":[{"count":13,"href":"https:\/\/energije-morja.si\/it\/wp-json\/wp\/v2\/pages\/716\/revisions"}],"predecessor-version":[{"id":954,"href":"https:\/\/energije-morja.si\/it\/wp-json\/wp\/v2\/pages\/716\/revisions\/954"}],"wp:attachment":[{"href":"https:\/\/energije-morja.si\/it\/wp-json\/wp\/v2\/media?parent=716"}],"curies":[{"name":"wp","href":"https:\/\/api.w.org\/{rel}","templated":true}]}}